{"id":94,"date":"2016-08-22T06:43:33","date_gmt":"2016-08-22T06:43:33","guid":{"rendered":"http:\/\/esch-taunus.de\/?page_id=94"},"modified":"2021-01-09T17:08:44","modified_gmt":"2021-01-09T16:08:44","slug":"emstalstrasse","status":"publish","type":"page","link":"https:\/\/esch-taunus.de\/?page_id=94","title":{"rendered":"Emstalstra\u00dfe"},"content":{"rendered":"\n<p>Die Emstalstra\u00dfe ist Teil der heutigen B275 von Esch in Richtung Niederems. Die dortige Chaussee existiert seit den 1890er Jahren, zuvor gab es dort nur Fahrwege, etwa druch die <a href=\"https:\/\/esch-taunus.de\/?p=2377\" data-type=\"post\" data-id=\"2377\">Tiefenbach<\/a> in Richtung Steinfischbach oder an der Hammerm\u00fchle vorbei in Richtung Niederems.<\/p>\n\n\n<ul class=\"wp-block-latest-posts__list wp-block-latest-posts\"><li><a class=\"wp-block-latest-posts__post-title\" href=\"https:\/\/esch-taunus.de\/?p=1150\">Emstalstra\u00dfe 1<\/a><div class=\"wp-block-latest-posts__post-excerpt\">Anfang des 20. Jahrhunderts gab es in Esch einen regen Fremdenverkehr. Bis zur Mitte des Jahrhunderts r\u00fchmte sich der Ort ein &#8222;Luftkurort&#8220; zu sein. Dem trug Hermann Ries im Jahr 1904 Rechnung und erbaute an der Stra\u00dfe in Richtung Petershammer eine Villa, die auch von Urlaubern, so genannten &#8222;Sommerfrischlern&#8220; genutzt wurde. Von dort aus waren\u2026\u00a0<a class=\"wp-block-latest-posts__read-more\" href=\"https:\/\/esch-taunus.de\/?p=1150\" rel=\"noopener noreferrer\"><span class=\"screen-reader-text\">Emstalstra\u00dfe 1 <\/span>weiterlesen<\/a><\/div><\/li>\n<li><a class=\"wp-block-latest-posts__post-title\" href=\"https:\/\/esch-taunus.de\/?p=71\">Hammerm\u00fchle<\/a><div class=\"wp-block-latest-posts__post-excerpt\">Nord\u00f6stlich au\u00dferhalb des Ortes im Emsbachtal, an der Stra\u00dfe nach Niederems wurde&nbsp;1822&nbsp;von Johann Peter Sch\u00f6nborn eine Schleifm\u00fchle mit Bauernhof errichtet. 1826 wurde die M\u00fchle in eine Eisenschiede umgebaut. Verarbeitet wurde vornehmlich Alteisen, dass bei den Auslieferungen des Schmiedemeisters zwischen Frankfurt und Montabaur eingesammelt wurde. Die ben\u00f6tigte Holzkohle f\u00fcr die Essen wurde in den nahen W\u00e4ldern\u2026\u00a0<a class=\"wp-block-latest-posts__read-more\" href=\"https:\/\/esch-taunus.de\/?p=71\" rel=\"noopener noreferrer\"><span class=\"screen-reader-text\">Hammerm\u00fchle <\/span>weiterlesen<\/a><\/div><\/li>\n<\/ul>","protected":false},"excerpt":{"rendered":"<p>Die Emstalstra\u00dfe ist Teil der heutigen B275 von Esch in Richtung Niederems. Die dortige Chaussee existiert seit den 1890er Jahren, zuvor gab es dort nur Fahrwege, etwa druch die Tiefenbach in Richtung Steinfischbach oder an der Hammerm\u00fchle vorbei in Richtung Niederems.<\/p>\n","protected":false},"author":1,"featured_media":0,"parent":7,"menu_order":0,"comment_status":"closed","ping_status":"closed","template":"","meta":{"jetpack_post_was_ever_published":false,"footnotes":""},"class_list":["post-94","page","type-page","status-publish","hentry"],"jetpack_shortlink":"https:\/\/wp.me\/P7PAez-1w","jetpack_sharing_enabled":true,"jetpack_likes_enabled":true,"_links":{"self":[{"href":"https:\/\/esch-taunus.de\/index.php?rest_route=\/wp\/v2\/pages\/94","targetHints":{"allow":["GET"]}}],"collection":[{"href":"https:\/\/esch-taunus.de\/index.php?rest_route=\/wp\/v2\/pages"}],"about":[{"href":"https:\/\/esch-taunus.de\/index.php?rest_route=\/wp\/v2\/types\/page"}],"author":[{"embeddable":true,"href":"https:\/\/esch-taunus.de\/index.php?rest_route=\/wp\/v2\/users\/1"}],"replies":[{"embeddable":true,"href":"https:\/\/esch-taunus.de\/index.php?rest_route=%2Fwp%2Fv2%2Fcomments&post=94"}],"version-history":[{"count":3,"href":"https:\/\/esch-taunus.de\/index.php?rest_route=\/wp\/v2\/pages\/94\/revisions"}],"predecessor-version":[{"id":2693,"href":"https:\/\/esch-taunus.de\/index.php?rest_route=\/wp\/v2\/pages\/94\/revisions\/2693"}],"up":[{"embeddable":true,"href":"https:\/\/esch-taunus.de\/index.php?rest_route=\/wp\/v2\/pages\/7"}],"wp:attachment":[{"href":"https:\/\/esch-taunus.de\/index.php?rest_route=%2Fwp%2Fv2%2Fmedia&parent=94"}],"curies":[{"name":"wp","href":"https:\/\/api.w.org\/{rel}","templated":true}]}}