{"id":912,"date":"2016-09-04T16:23:19","date_gmt":"2016-09-04T16:23:19","guid":{"rendered":"http:\/\/esch-taunus.de\/?page_id=912"},"modified":"2016-09-04T16:23:19","modified_gmt":"2016-09-04T16:23:19","slug":"wiesenstrasse","status":"publish","type":"page","link":"https:\/\/esch-taunus.de\/?page_id=912","title":{"rendered":"Wiesenstra\u00dfe"},"content":{"rendered":"<p style=\"text-align: justify;\">Die Wiesenstra\u00dfe, von den Eschern aufgrund des ehemals dort vorhandenen Stra\u00dfenbelags auch &#8222;Rappelgass&#8220;, zweigt in H\u00f6he des Lindebaums von der Schwalbacher Stra\u00dfe ab. Fr\u00fcher war sie teil der Stra\u00dfenverbindung von Esch \u00fcber die\u00a0<a href=\"http:\/\/esch-taunus.de\/?p=666\">Hirtesenm\u00fchle<\/a>\u00a0nach Walsdorf. Heute wird sie nur noch als Radweg und f\u00fcr die Bewohner der M\u00fchle als Zufahrt genutzt. Von ihr zweigt die Stra\u00dfe &#8222;Auf der Schur&#8220; nach rechts in Richtung Festplatz und\u00a0<a href=\"http:\/\/esch-taunus.de\/?p=137\">Schlabach<\/a>\u00a0ab.<\/p>\n<p style=\"text-align: justify;\">\n<table id=\"tablepress-17\" class=\"tablepress tablepress-id-17\">\n<thead>\n<tr class=\"row-1\">\n\t<th class=\"column-1\">Hausnummer<\/th><th class=\"column-2\">Hausname<\/th><th class=\"column-3\">Nutzung<\/th>\n<\/tr>\n<\/thead>\n<tbody class=\"row-striping row-hover\">\n<tr class=\"row-2\">\n\t<td class=\"column-1\">16<\/td><td class=\"column-2\"><a href=\"http:\/\/esch-taunus.de\/?p=905\">Schwesternhaus<\/a><\/td><td class=\"column-3\">Wohnhaus<\/td>\n<\/tr>\n<\/tbody>\n<\/table>\n<!-- #tablepress-17 from cache --><\/p>\n","protected":false},"excerpt":{"rendered":"<p>Die Wiesenstra\u00dfe, von den Eschern aufgrund des ehemals dort vorhandenen Stra\u00dfenbelags auch &#8222;Rappelgass&#8220;, zweigt in H\u00f6he des Lindebaums von der Schwalbacher Stra\u00dfe ab. Fr\u00fcher war sie teil der Stra\u00dfenverbindung von Esch \u00fcber die\u00a0Hirtesenm\u00fchle\u00a0nach Walsdorf. Heute wird sie nur noch als Radweg und f\u00fcr die Bewohner der M\u00fchle als Zufahrt genutzt. Von ihr zweigt die Stra\u00dfe [&hellip;]<\/p>\n","protected":false},"author":1,"featured_media":0,"parent":7,"menu_order":0,"comment_status":"closed","ping_status":"closed","template":"","meta":{"jetpack_post_was_ever_published":false,"footnotes":""},"class_list":["post-912","page","type-page","status-publish","hentry"],"jetpack_shortlink":"https:\/\/wp.me\/P7PAez-eI","jetpack_sharing_enabled":true,"jetpack_likes_enabled":true,"_links":{"self":[{"href":"https:\/\/esch-taunus.de\/index.php?rest_route=\/wp\/v2\/pages\/912","targetHints":{"allow":["GET"]}}],"collection":[{"href":"https:\/\/esch-taunus.de\/index.php?rest_route=\/wp\/v2\/pages"}],"about":[{"href":"https:\/\/esch-taunus.de\/index.php?rest_route=\/wp\/v2\/types\/page"}],"author":[{"embeddable":true,"href":"https:\/\/esch-taunus.de\/index.php?rest_route=\/wp\/v2\/users\/1"}],"replies":[{"embeddable":true,"href":"https:\/\/esch-taunus.de\/index.php?rest_route=%2Fwp%2Fv2%2Fcomments&post=912"}],"version-history":[{"count":1,"href":"https:\/\/esch-taunus.de\/index.php?rest_route=\/wp\/v2\/pages\/912\/revisions"}],"predecessor-version":[{"id":913,"href":"https:\/\/esch-taunus.de\/index.php?rest_route=\/wp\/v2\/pages\/912\/revisions\/913"}],"up":[{"embeddable":true,"href":"https:\/\/esch-taunus.de\/index.php?rest_route=\/wp\/v2\/pages\/7"}],"wp:attachment":[{"href":"https:\/\/esch-taunus.de\/index.php?rest_route=%2Fwp%2Fv2%2Fmedia&parent=912"}],"curies":[{"name":"wp","href":"https:\/\/api.w.org\/{rel}","templated":true}]}}