{"id":90,"date":"2016-08-22T06:39:16","date_gmt":"2016-08-22T06:39:16","guid":{"rendered":"http:\/\/esch-taunus.de\/?page_id=90"},"modified":"2016-09-12T11:09:24","modified_gmt":"2016-09-12T11:09:24","slug":"kirchgasse","status":"publish","type":"page","link":"https:\/\/esch-taunus.de\/?page_id=90","title":{"rendered":"Kirchgasse"},"content":{"rendered":"<p style=\"text-align: justify;\">Die Kirchgasse beginnt zusammen mit der Hofgasse (ehemals &#8222;Obergasse&#8220;) an der <a href=\"http:\/\/esch-taunus.de\/?page_id=85\">Schwalbacher Stra\u00dfe<\/a> im Bereich Rathaus\/<a href=\"http:\/\/esch-taunus.de\/?p=556\">Schule.<\/a> Sie f\u00fchrt bergauf in Richtung Kirche und teilt sich dort in drei \u00c4ste. Einer f\u00fchrt links um die <a href=\"http:\/\/esch-taunus.de\/?p=346\">Kirche<\/a> herum zum Feldweg in Richtung Bermbach, heute als Radweg ausgeschildert. Der zweite Ast f\u00fchrt rechts um die Kirche, bergauf Richtung Friedhof bzw. Feldscheune des Birkenhofes und zum Feldweg in Richtung Hof Volkmar. Der dirtte Ast, die eigentliche Kirchgasse, f\u00fchrt weiter bergauf bis sie am Ortsausgang wieder in die Schwalbacher Stra\u00dfe m\u00fcndet.<\/p>\n<p style=\"text-align: justify;\">Die Kirchgasse ist bis in H\u00f6he der Kirche noch als gepflasterte Stra\u00dfe ausgef\u00fchrt und verf\u00fcgt auf der gesamten L\u00e4nge nicht \u00fcber einen Gehweg. Zudem wurden dort in den 1990er Jahren vom Standard abweichende Stra\u00dfenlaternen in Form von Pendelleuchten aufgestellt.<\/p>\n<div class=\"tiled-gallery type-rectangular tiled-gallery-unresized\" data-original-width=\"625\" data-carousel-extra='null' itemscope itemtype=\"http:\/\/schema.org\/ImageGallery\" > <div class=\"gallery-row\" style=\"width: 625px; height: 203px;\" data-original-width=\"625\" data-original-height=\"203\" > <div class=\"gallery-group images-1\" style=\"width: 322px; height: 203px;\" data-original-width=\"322\" data-original-height=\"203\" > <div class=\"tiled-gallery-item tiled-gallery-item-large\" itemprop=\"associatedMedia\" itemscope itemtype=\"http:\/\/schema.org\/ImageObject\"> <a href=\"https:\/\/esch-taunus.de\/?attachment_id=1125\" border=\"0\" itemprop=\"url\"> <meta itemprop=\"width\" content=\"318\"> <meta itemprop=\"height\" content=\"199\"> <img decoding=\"async\" class=\"\" data-attachment-id=\"1125\" data-orig-file=\"https:\/\/esch-taunus.de\/wp-content\/uploads\/2016\/08\/AK-Kirchgassen-Hauptstrasse.jpg\" data-orig-size=\"480,301\" data-comments-opened=\"1\" data-image-meta=\"{&quot;aperture&quot;:&quot;0&quot;,&quot;credit&quot;:&quot;Picasa&quot;,&quot;camera&quot;:&quot;&quot;,&quot;caption&quot;:&quot;&quot;,&quot;created_timestamp&quot;:&quot;0&quot;,&quot;copyright&quot;:&quot;&quot;,&quot;focal_length&quot;:&quot;0&quot;,&quot;iso&quot;:&quot;0&quot;,&quot;shutter_speed&quot;:&quot;0&quot;,&quot;title&quot;:&quot;&quot;,&quot;orientation&quot;:&quot;0&quot;}\" data-image-title=\"ak-kirchgassen-hauptstrasse\" data-image-description=\"\" data-medium-file=\"https:\/\/esch-taunus.de\/wp-content\/uploads\/2016\/08\/AK-Kirchgassen-Hauptstrasse-300x188.jpg\" data-large-file=\"https:\/\/esch-taunus.de\/wp-content\/uploads\/2016\/08\/AK-Kirchgassen-Hauptstrasse.jpg\" src=\"https:\/\/i0.wp.com\/esch-taunus.de\/wp-content\/uploads\/2016\/08\/AK-Kirchgassen-Hauptstrasse.jpg?w=318&#038;h=199&#038;ssl=1\" srcset=\"https:\/\/esch-taunus.de\/wp-content\/uploads\/2016\/08\/AK-Kirchgassen-Hauptstrasse.jpg 480w, https:\/\/esch-taunus.de\/wp-content\/uploads\/2016\/08\/AK-Kirchgassen-Hauptstrasse-300x188.jpg 300w\" width=\"318\" height=\"199\" loading=\"lazy\" data-original-width=\"318\" data-original-height=\"199\" itemprop=\"http:\/\/schema.org\/image\" title=\"ak-kirchgassen-hauptstrasse\" alt=\"Ansichtskarte mit Kirchgasse und Hauptsrasse, etwa 1906. Foto: R. Wick\" style=\"width: 318px; height: 199px;\" \/> <\/a> <div class=\"tiled-gallery-caption\" itemprop=\"caption description\"> Ansichtskarte mit Kirchgasse und Hauptsrasse, etwa 1906. Foto: R. Wick <\/div> <\/div> <\/div> <!-- close group --> <div class=\"gallery-group images-1\" style=\"width: 303px; height: 203px;\" data-original-width=\"303\" data-original-height=\"203\" > <div class=\"tiled-gallery-item tiled-gallery-item-large\" itemprop=\"associatedMedia\" itemscope itemtype=\"http:\/\/schema.org\/ImageObject\"> <a href=\"https:\/\/esch-taunus.de\/?attachment_id=431\" border=\"0\" itemprop=\"url\"> <meta itemprop=\"width\" content=\"299\"> <meta itemprop=\"height\" content=\"199\"> <img decoding=\"async\" class=\"\" data-attachment-id=\"431\" data-orig-file=\"https:\/\/esch-taunus.de\/wp-content\/uploads\/2016\/08\/2016-08-23-18.33.43.jpg\" data-orig-size=\"772,515\" data-comments-opened=\"1\" data-image-meta=\"{&quot;aperture&quot;:&quot;2.2&quot;,&quot;credit&quot;:&quot;&quot;,&quot;camera&quot;:&quot;SM-G388F&quot;,&quot;caption&quot;:&quot;&quot;,&quot;created_timestamp&quot;:&quot;0&quot;,&quot;copyright&quot;:&quot;&quot;,&quot;focal_length&quot;:&quot;3.31&quot;,&quot;iso&quot;:&quot;100&quot;,&quot;shutter_speed&quot;:&quot;0.03030303030303&quot;,&quot;title&quot;:&quot;&quot;,&quot;orientation&quot;:&quot;0&quot;}\" data-image-title=\"Gr\u00fc\u00dfe aus Esch\" data-image-description=\"\" data-medium-file=\"https:\/\/esch-taunus.de\/wp-content\/uploads\/2016\/08\/2016-08-23-18.33.43-300x200.jpg\" data-large-file=\"https:\/\/esch-taunus.de\/wp-content\/uploads\/2016\/08\/2016-08-23-18.33.43.jpg\" src=\"https:\/\/i0.wp.com\/esch-taunus.de\/wp-content\/uploads\/2016\/08\/2016-08-23-18.33.43.jpg?w=299&#038;h=199&#038;ssl=1\" srcset=\"https:\/\/esch-taunus.de\/wp-content\/uploads\/2016\/08\/2016-08-23-18.33.43.jpg 772w, https:\/\/esch-taunus.de\/wp-content\/uploads\/2016\/08\/2016-08-23-18.33.43-300x200.jpg 300w, https:\/\/esch-taunus.de\/wp-content\/uploads\/2016\/08\/2016-08-23-18.33.43-768x512.jpg 768w, https:\/\/esch-taunus.de\/wp-content\/uploads\/2016\/08\/2016-08-23-18.33.43-624x416.jpg 624w\" width=\"299\" height=\"199\" loading=\"lazy\" data-original-width=\"299\" data-original-height=\"199\" itemprop=\"http:\/\/schema.org\/image\" title=\"Gr\u00fc\u00dfe aus Esch\" alt=\"Ansichtskarte mit Schwalbacher Stra\u00dfe, Kirchgasse und Panorama\" style=\"width: 299px; height: 199px;\" \/> <\/a> <div class=\"tiled-gallery-caption\" itemprop=\"caption description\"> Ansichtskarte mit Schwalbacher Stra\u00dfe, Kirchgasse und Panorama <\/div> <\/div> <\/div> <!-- close group --> <\/div> <!-- close row --> <\/div>\n\n<table id=\"tablepress-8\" class=\"tablepress tablepress-id-8\">\n<thead>\n<tr class=\"row-1\">\n\t<th class=\"column-1\">Hausnummer<\/th><th class=\"column-2\">Hausname<\/th><th class=\"column-3\">Nutzung<\/th>\n<\/tr>\n<\/thead>\n<tbody class=\"row-striping row-hover\">\n<tr class=\"row-2\">\n\t<td class=\"column-1\"><\/td><td class=\"column-2\"><a href=\"http:\/\/esch-taunus.de\/?p=73\">Ger\u00e4teschuppen<\/a><\/td><td class=\"column-3\">abgerissen<\/td>\n<\/tr>\n<tr class=\"row-3\">\n\t<td class=\"column-1\"><\/td><td class=\"column-2\"><a href=\"http:\/\/esch-taunus.de\/?p=990\">Milchsammelstelle<\/a><\/td><td class=\"column-3\">abgerissen<\/td>\n<\/tr>\n<tr class=\"row-4\">\n\t<td class=\"column-1\"><\/td><td class=\"column-2\"><a href=\"http:\/\/esch-taunus.de\/?p=17\">Ehrenmal<\/a><\/td><td class=\"column-3\">Denkmal<\/td>\n<\/tr>\n<tr class=\"row-5\">\n\t<td class=\"column-1\">1<\/td><td class=\"column-2\"><a href=\"http:\/\/esch-taunus.de\/?p=338\">Streuser<\/a><\/td><td class=\"column-3\">Wohnhaus \/ Ladengesch\u00e4ft<\/td>\n<\/tr>\n<tr class=\"row-6\">\n\t<td class=\"column-1\">5<\/td><td class=\"column-2\"><a href=\"https:\/\/esch-taunus.de\/?p=1930\">Pfarrhaus<\/a><\/td><td class=\"column-3\">Wohnhaus \/ Gemeindehaus<\/td>\n<\/tr>\n<tr class=\"row-7\">\n\t<td class=\"column-1\">8<\/td><td class=\"column-2\"><a href=\"http:\/\/esch-taunus.de\/?p=1455\">Alter Kindergarten<\/a><\/td><td class=\"column-3\">Wohnhaus<\/td>\n<\/tr>\n<tr class=\"row-8\">\n\t<td class=\"column-1\">10<\/td><td class=\"column-2\"><a href=\"http:\/\/esch-taunus.de\/?p=346\">Kirche<\/a><\/td><td class=\"column-3\">Kirche<\/td>\n<\/tr>\n<\/tbody>\n<\/table>\n<!-- #tablepress-8 from cache -->\n","protected":false},"excerpt":{"rendered":"<p>Die Kirchgasse beginnt zusammen mit der Hofgasse (ehemals &#8222;Obergasse&#8220;) an der Schwalbacher Stra\u00dfe im Bereich Rathaus\/Schule. Sie f\u00fchrt bergauf in Richtung Kirche und teilt sich dort in drei \u00c4ste. Einer f\u00fchrt links um die Kirche herum zum Feldweg in Richtung Bermbach, heute als Radweg ausgeschildert. Der zweite Ast f\u00fchrt rechts um die Kirche, bergauf Richtung [&hellip;]<\/p>\n","protected":false},"author":1,"featured_media":0,"parent":7,"menu_order":0,"comment_status":"closed","ping_status":"closed","template":"","meta":{"jetpack_post_was_ever_published":false,"footnotes":""},"class_list":["post-90","page","type-page","status-publish","hentry"],"jetpack_shortlink":"https:\/\/wp.me\/P7PAez-1s","jetpack_sharing_enabled":true,"jetpack_likes_enabled":true,"_links":{"self":[{"href":"https:\/\/esch-taunus.de\/index.php?rest_route=\/wp\/v2\/pages\/90","targetHints":{"allow":["GET"]}}],"collection":[{"href":"https:\/\/esch-taunus.de\/index.php?rest_route=\/wp\/v2\/pages"}],"about":[{"href":"https:\/\/esch-taunus.de\/index.php?rest_route=\/wp\/v2\/types\/page"}],"author":[{"embeddable":true,"href":"https:\/\/esch-taunus.de\/index.php?rest_route=\/wp\/v2\/users\/1"}],"replies":[{"embeddable":true,"href":"https:\/\/esch-taunus.de\/index.php?rest_route=%2Fwp%2Fv2%2Fcomments&post=90"}],"version-history":[{"count":3,"href":"https:\/\/esch-taunus.de\/index.php?rest_route=\/wp\/v2\/pages\/90\/revisions"}],"predecessor-version":[{"id":1129,"href":"https:\/\/esch-taunus.de\/index.php?rest_route=\/wp\/v2\/pages\/90\/revisions\/1129"}],"up":[{"embeddable":true,"href":"https:\/\/esch-taunus.de\/index.php?rest_route=\/wp\/v2\/pages\/7"}],"wp:attachment":[{"href":"https:\/\/esch-taunus.de\/index.php?rest_route=%2Fwp%2Fv2%2Fmedia&parent=90"}],"curies":[{"name":"wp","href":"https:\/\/api.w.org\/{rel}","templated":true}]}}