{"id":87,"date":"2016-08-22T06:38:37","date_gmt":"2016-08-22T06:38:37","guid":{"rendered":"http:\/\/esch-taunus.de\/?page_id=87"},"modified":"2018-07-09T21:33:43","modified_gmt":"2018-07-09T20:33:43","slug":"schulgasse","status":"publish","type":"page","link":"https:\/\/esch-taunus.de\/?page_id=87","title":{"rendered":"Schulgasse"},"content":{"rendered":"<p style=\"text-align: justify;\">Die Schulgasse verdankt ihren Namen der Escher <a href=\"https:\/\/esch-taunus.de\/?p=556\">Volksschule<\/a>, die heute das Rathaus beherbergt. Weiter f\u00fcr die Escher wichtige Einrichtungen in der Schulgasse waren das Warenhaus <a href=\"https:\/\/esch-taunus.de\/?p=685\">Weiner<\/a>, <a href=\"https:\/\/esch-taunus.de\/?p=1549\">Bunde Metzger<\/a>, die neue\u00a0<a href=\"https:\/\/esch-taunus.de\/?p=2074\">Post.<\/a>\u00a0Heute befinden sich dort u.a. das Feuerwehrger\u00e4tehaus, das Altenwohnheim sowie der Gemeindebauhof.<\/p>\n<div id=\"attachment_2235\" style=\"width: 635px\" class=\"wp-caption aligncenter\"><a href=\"https:\/\/esch-taunus.de\/?attachment_id=2235\" rel=\"attachment wp-att-2235\"><img loading=\"lazy\" decoding=\"async\" aria-describedby=\"caption-attachment-2235\" class=\"wp-image-2235 size-large\" src=\"https:\/\/esch-taunus.de\/wp-content\/uploads\/2018\/07\/Seyberth016-1024x690.jpg\" alt=\"\" width=\"625\" height=\"421\" srcset=\"https:\/\/esch-taunus.de\/wp-content\/uploads\/2018\/07\/Seyberth016-1024x690.jpg 1024w, https:\/\/esch-taunus.de\/wp-content\/uploads\/2018\/07\/Seyberth016-300x202.jpg 300w, https:\/\/esch-taunus.de\/wp-content\/uploads\/2018\/07\/Seyberth016-768x517.jpg 768w, https:\/\/esch-taunus.de\/wp-content\/uploads\/2018\/07\/Seyberth016-624x420.jpg 624w\" sizes=\"auto, (max-width: 625px) 100vw, 625px\" \/><\/a><p id=\"caption-attachment-2235\" class=\"wp-caption-text\">Schulgasse im August 1986, links ehemaliges Ladengesch\u00e4ft Weiner, hinten links &#8222;Bunde Metzger&#8220;, hinten rechts ehemalige M\u00fchle Lanz. Foto: G\u00fcnter Seibert<\/p><\/div>\n<p>&nbsp;<\/p>\n\n<table id=\"tablepress-7\" class=\"tablepress tablepress-id-7\">\n<thead>\n<tr class=\"row-1\">\n\t<th class=\"column-1\">Hausnummer<\/th><th class=\"column-2\">Hausname<\/th><th class=\"column-3\">Nutzung<\/th>\n<\/tr>\n<\/thead>\n<tbody class=\"row-striping row-hover\">\n<tr class=\"row-2\">\n\t<td class=\"column-1\">1<\/td><td class=\"column-2\"><a href=\"http:\/\/esch-taunus.de\/?p=349\">Wiegand\/Stamm<\/a><\/td><td class=\"column-3\">Wohnhaus<\/td>\n<\/tr>\n<tr class=\"row-3\">\n\t<td class=\"column-1\">2<\/td><td class=\"column-2\"><a href=\"http:\/\/esch-taunus.de\/?p=556\">Schule\/Rathaus<\/a><\/td><td class=\"column-3\">Rathaus<\/td>\n<\/tr>\n<tr class=\"row-4\">\n\t<td class=\"column-1\">5<\/td><td class=\"column-2\"><a href=\"http:\/\/esch-taunus.de\/?p=73\">Feuerwehr<\/a><\/td><td class=\"column-3\">Feuerwehrhaus und Bauhof<\/td>\n<\/tr>\n<tr class=\"row-5\">\n\t<td class=\"column-1\">5<\/td><td class=\"column-2\"><a href=\"https:\/\/esch-taunus.de\/?p=1856\">Mangoldsm\u00fchle<\/a><\/td><td class=\"column-3\">abgerissen<\/td>\n<\/tr>\n<tr class=\"row-6\">\n\t<td class=\"column-1\">6<\/td><td class=\"column-2\"><a href=\"http:\/\/esch-taunus.de\/?p=685\">Schaus\/Weiner<\/a><\/td><td class=\"column-3\">abgerissen<\/td>\n<\/tr>\n<tr class=\"row-7\">\n\t<td class=\"column-1\">9<\/td><td class=\"column-2\"><a href=\"http:\/\/esch-taunus.de\/?p=857\">Pension Liepold<\/a><\/td><td class=\"column-3\">Wohnhaus<\/td>\n<\/tr>\n<tr class=\"row-8\">\n\t<td class=\"column-1\">10<\/td><td class=\"column-2\"><a href=\"http:\/\/esch-taunus.de\/?p=1549\">Bunde Metzger<\/a><\/td><td class=\"column-3\">Wohnhaus<\/td>\n<\/tr>\n<tr class=\"row-9\">\n\t<td class=\"column-1\">12<\/td><td class=\"column-2\"><a href=\"https:\/\/esch-taunus.de\/?p=2074\">Post<\/a><\/td><td class=\"column-3\">Rettungswache<\/td>\n<\/tr>\n<tr class=\"row-10\">\n\t<td class=\"column-1\"><\/td><td class=\"column-2\"><a href=\"http:\/\/esch-taunus.de\/?p=40\">Jugendraum<\/a><\/td><td class=\"column-3\">Jugendraum<\/td>\n<\/tr>\n<\/tbody>\n<\/table>\n<!-- #tablepress-7 from cache -->\n","protected":false},"excerpt":{"rendered":"<p>Die Schulgasse verdankt ihren Namen der Escher Volksschule, die heute das Rathaus beherbergt. Weiter f\u00fcr die Escher wichtige Einrichtungen in der Schulgasse waren das Warenhaus Weiner, Bunde Metzger, die neue\u00a0Post.\u00a0Heute befinden sich dort u.a. das Feuerwehrger\u00e4tehaus, das Altenwohnheim sowie der Gemeindebauhof. &nbsp;<\/p>\n","protected":false},"author":1,"featured_media":0,"parent":7,"menu_order":0,"comment_status":"closed","ping_status":"closed","template":"","meta":{"jetpack_post_was_ever_published":false,"footnotes":""},"class_list":["post-87","page","type-page","status-publish","hentry"],"jetpack_shortlink":"https:\/\/wp.me\/P7PAez-1p","jetpack_sharing_enabled":true,"jetpack_likes_enabled":true,"_links":{"self":[{"href":"https:\/\/esch-taunus.de\/index.php?rest_route=\/wp\/v2\/pages\/87","targetHints":{"allow":["GET"]}}],"collection":[{"href":"https:\/\/esch-taunus.de\/index.php?rest_route=\/wp\/v2\/pages"}],"about":[{"href":"https:\/\/esch-taunus.de\/index.php?rest_route=\/wp\/v2\/types\/page"}],"author":[{"embeddable":true,"href":"https:\/\/esch-taunus.de\/index.php?rest_route=\/wp\/v2\/users\/1"}],"replies":[{"embeddable":true,"href":"https:\/\/esch-taunus.de\/index.php?rest_route=%2Fwp%2Fv2%2Fcomments&post=87"}],"version-history":[{"count":3,"href":"https:\/\/esch-taunus.de\/index.php?rest_route=\/wp\/v2\/pages\/87\/revisions"}],"predecessor-version":[{"id":2248,"href":"https:\/\/esch-taunus.de\/index.php?rest_route=\/wp\/v2\/pages\/87\/revisions\/2248"}],"up":[{"embeddable":true,"href":"https:\/\/esch-taunus.de\/index.php?rest_route=\/wp\/v2\/pages\/7"}],"wp:attachment":[{"href":"https:\/\/esch-taunus.de\/index.php?rest_route=%2Fwp%2Fv2%2Fmedia&parent=87"}],"curies":[{"name":"wp","href":"https:\/\/api.w.org\/{rel}","templated":true}]}}