{"id":708,"date":"2016-08-29T14:09:14","date_gmt":"2016-08-29T14:09:14","guid":{"rendered":"http:\/\/esch-taunus.de\/?page_id=708"},"modified":"2019-11-08T13:52:23","modified_gmt":"2019-11-08T12:52:23","slug":"mithilfe","status":"publish","type":"page","link":"https:\/\/esch-taunus.de\/?page_id=708","title":{"rendered":"Mithilfe"},"content":{"rendered":"<p style=\"text-align: justify;\">Diese Seite braucht Eure Mithilfe! Ich suche alte Bilder, Dokumente und Geschichten zu unserem Ort. Wer gerne etwas beisteuern m\u00f6chte erreicht mich per Mail \u00fcber das Kontaktformular unten, per Telefon oder mit Gl\u00fcck auch zuhause. Wir habe aber auch einen Briefkasten &#x1f609;<\/p>\n<p>Auch Erg\u00e4nzungen, Korrekturen oder Verbesserungen nehme ich gerne entgegen.<\/p>\n<div data-test='contact-form'\n\t\t\tid='contact-form-708'\n\t\t\tclass='wp-block-jetpack-contact-form-container '\n\t\t\tdata-wp-interactive='jetpack\/form' data-wp-context='{\"formId\":\"708\",\"formHash\":\"e770d3993759a5c19561a7a0b2edbefe5b893d24\",\"showErrors\":false,\"errors\":[],\"fields\":[],\"isMultiStep\":false,\"useAjax\":true,\"submissionData\":null,\"formattedSubmissionData\":[],\"submissionSuccess\":false,\"submissionError\":null,\"elementId\":\"jp-form-e770d3993759a5c19561a7a0b2edbefe5b893d24\",\"isSingleInputForm\":false}'\n\t\t\tdata-wp-watch--scroll-to-wrapper=\"callbacks.scrollToWrapper\"\n\t\t>\n<div class=\"contact-form-submission contact-form-ajax-submission\" data-wp-class--submission-success=\"context.submissionSuccess\"><p class=\"go-back-message\"><a class=\"link\" role=\"button\" tabindex=\"0\" data-wp-on--click=\"actions.goBack\" href=\"\/index.php?rest_route=%2Fwp%2Fv2%2Fpages%2F708\">Zur\u00fcck<\/a><\/p><h4 id=\"contact-form-success-header\">Deine Nachricht wurde gesendet<\/h4>\n\n<template data-wp-each--submission=\"context.formattedSubmissionData\">\n\t\t\t\t\t<div class=\"jetpack_forms_contact-form-success-summary\">\n\t\t\t\t\t\t<div class=\"field-name\" data-wp-text=\"context.submission.label\" data-wp-bind--hidden=\"!context.submission.label\"><\/div>\n\t\t\t\t\t\t<div class=\"field-value\" data-wp-text=\"context.submission.value\"><\/div>\n\t\t\t\t\t\t<div class=\"field-images\" data-wp-bind--hidden=\"!context.submission.images\">\n\t\t\t\t\t\t\t<template data-wp-each--image=\"context.submission.images\">\n\t\t\t\t\t\t\t\t<figure class=\"field-image\" data-wp-class--is-empty=\"!context.image\">\n\t\t\t\t\t\t\t\t\t<img data-wp-bind--src=\"context.image\" data-wp-bind--hidden=\"!context.image\" \/>\n\t\t\t\t\t\t\t\t\t<img decoding=\"async\" src=\"data:image\/gif;base64,R0lGODlhAQABAAD\/ACwAAAAAAQABAAACADs=\" data-wp-bind--hidden=\"context.image\" \/>\n\t\t\t\t\t\t\t\t<\/figure>\n\t\t\t\t\t\t\t<\/template>\n\t\t\t\t\t\t<\/div>\n\t\t\t\t\t<\/div>\n\t\t\t\t<\/template><\/div><form action='https:\/\/esch-taunus.de\/?page_id=708'\n\t\t\t\tid='jp-form-e770d3993759a5c19561a7a0b2edbefe5b893d24'\n\t\t\t\tmethod='post'\n\t\t\t\tclass='contact-form commentsblock' aria-label=\"Mithilfe\"\n\t\t\t\tdata-wp-on--submit=\"actions.onFormSubmit\"\n\t\t\t\tdata-wp-on--reset=\"actions.onFormReset\"\n\t\t\t\tdata-wp-class--submission-success=\"context.submissionSuccess\"\n\t\t\t\tdata-wp-class--is-first-step=\"state.isFirstStep\"\n\t\t\t\tdata-wp-class--is-last-step=\"state.isLastStep\"\n\t\t\t\tdata-wp-class--is-ajax-form=\"context.useAjax\"\n\t\t\t\tnovalidate >\n<input type='hidden' name='jetpack_contact_form_jwt' value='eyJ0eXAiOiJKV1QiLCJhbGciOiJIUzI1NiJ9.eyJlbmNyeXB0ZWRfYXR0cmlidXRlcyI6ImlrYmNoXC9DclZEMXA3cFNrcklNVFFtREtNUUNjV3Z4RU8yaW5qMWdQQVZnTUtrY3dFZVhWV29uangrdDRUZlVPTkFKWVVBRGoyRVdQUW5OUVFlUVg5QzF4Wm11TVlKYVBoTktSVUdnZTcwcnUxdXFCQUl0OFlMRVRLUzNIcjhlRnBZditYd3Bzb1cwNlE5RW5yNUhnSjdFSlBGalRVcmxOWUtBMnRabGZoT1JLZ0NtbXd0ZlNObUZSSnpibVhLKzJKUkhJYloweSt3SnRhWUNBUWRPd01ndWJQMG1CdW9POWJzQ2NiXC8yMmNJQlJWVkhJMkExbUY2K2R0Wk5NY2tyMTgzZm10YmVVdmhcL0gxSmdMeEJsZHlHMGoxeTB2Sm9hTGVWamVIRjVXbkNFNjNORW5MTU83QTRJb2hVNzZHQlVWaG41MU0xVzlpd3hIMHV1aFFXXC8zK0Q2TWhaOXpHZGhNVm5OTjdSN3doYmNJb3RvTW5MWjZkY2dLc3ZCXC9IcmwyQUxlaDdxNGtTSlpJVkR6aXRtWmhzZ0IwWXl5YURiM2NPYWhKeWVyWDVXSWtIUDNuSVRaT1UzYmtHc0Q2TFNUXC83V25Jcnp3Z3V4dnZwRkZ0c0R2UXJvZ0pGbW84Z2RrVnpoTlNOeFRzSlBlSFF4UU9tMUhsajdGMzBTT2plR0FvQ1NhVXFqWTRvejJ4VTFFYlk1S1JsSFMzUU1neVZvc1BhOUp4QmtSODlXd1dyb1JOM2ZMUGdjbXV5cXplU3FCUEpUTEh6ZytzV0lcL1FOYlBLUGpDS05ySWhFWDNSdWhFSkFCUVwvS3QyMkRweFVocmNHNDJURWpWOVdnSUF4SStOWVVaNmJIUlJwVEppaGV5bTVzSDF1bnYyMWFRc1VZSnVIUkd1XC9DUDBnR254MDVQYXRveEZrN3JQdW5nUlp6NTF6enJwVDFcL1krWWZTT0RmaGkrRVwvVmNyNjE2aHgwQXpxVjJWNW8zbEpCWitBMGZ0MGdJNDQ1QjE4SXRwY0JzcFMyM0o3YnhybWtXTkpMcldZXC9vbjRtdk80K0FZb25ibmQwXC9NazkyeXR6RVZWRzBON1c1VTVmenk3ZnJ1Z3ZiRDlPSitMNnozYzdORGlLazlyMHdmVW1qTDVMUXJxd3FuNk5zSXRPVDZPQTVRPT0iLCJjb250ZW50IjoiW2NvbnRhY3QtZmllbGQgbGFiZWw9J05hbWUnIHR5cGU9J25hbWUnIHJlcXVpcmVkPScxJ1wvXVtjb250YWN0LWZpZWxkIGxhYmVsPSdFLU1haWwnIHR5cGU9J2VtYWlsJ1wvXVtjb250YWN0LWZpZWxkIGxhYmVsPSdXZWJzaXRlJyB0eXBlPSd1cmwnXC9dW2NvbnRhY3QtZmllbGQgbGFiZWw9J0tvbW1lbnRhcicgdHlwZT0ndGV4dGFyZWEnIHJlcXVpcmVkPScxJ1wvXSIsImhhc2giOiJlNzcwZDM5OTM3NTlhNWMxOTU2MWE3YTBiMmVkYmVmZTViODkzZDI0Iiwic291cmNlIjp7ImVudHJ5X3RpdGxlIjoiTWl0aGlsZmUiLCJlbnRyeV9wYWdlIjoxLCJzb3VyY2VfaWQiOjcwOCwic291cmNlX3R5cGUiOiJzaW5nbGUiLCJyZXF1ZXN0X3VybCI6Imh0dHBzOlwvXC9lc2NoLXRhdW51cy5kZSJ9LCJ2ZXJzaW9uIjoyLCJjaXBoZXIiOiJhZXMtMjU2LWdjbSJ9.0ewoVpFCTePspf-3D1N7o-2MMLLAP10lsAmx_hogJN0' \/>\n\n<div style=\"\"  data-wp-interactive=\"jetpack\/form\" data-wp-context='{\"fieldId\":\"g708-name\",\"fieldType\":\"name\",\"fieldLabel\":\"Name\",\"fieldValue\":\"\",\"fieldPlaceholder\":\"\",\"fieldIsRequired\":\"1\",\"fieldErrorMessage\":\"\",\"fieldExtra\":[],\"formHash\":\"e770d3993759a5c19561a7a0b2edbefe5b893d24\"}'  class='grunion-field-name-wrap grunion-field-wrap'  data-wp-init='callbacks.initializeField' data-wp-on--jetpack-form-reset='callbacks.initializeField' >\n<label\n\t\t\t\tfor='g708-name' class=\"grunion-field-label name\" >Name<span class=\"grunion-label-required\" aria-hidden=\"true\">(erforderlich)<\/span><\/label>\n<input\n\t\t\t\t\ttype='text'\n\t\t\t\t\tname='g708-name'\n\t\t\t\t\tid='g708-name'\n\t\t\t\t\tvalue=''\n\n\t\t\t\t\tdata-wp-bind--aria-invalid='state.fieldHasErrors'\n\t\t\t\t\tdata-wp-bind--value='state.getFieldValue'\n\t\t\t\t\taria-errormessage='g708-name-text-error-message'\n\t\t\t\t\tdata-wp-on--input='actions.onFieldChange'\n\t\t\t\t\tdata-wp-on--blur='actions.onFieldBlur'\n\t\t\t\t\tdata-wp-class--has-value='state.hasFieldValue'\n\n\t\t\t\t\tclass='name  grunion-field' \n\t\t\t\t\trequired='true' aria-required='true'  \/>\n \n\t\t\t<div id=\"g708-name-text-error\" class=\"contact-form__input-error\" data-wp-class--has-errors=\"state.fieldHasErrors\">\n\t\t\t\t<span class=\"contact-form__warning-icon\">\n\t\t\t\t\t<svg width=\"16\" height=\"16\" viewBox=\"0 0 16 16\" fill=\"none\" xmlns=\"http:\/\/www.w3.org\/2000\/svg\">\n\t\t\t\t\t\t<path d=\"M8.50015 11.6402H7.50015V10.6402H8.50015V11.6402Z\" \/>\n\t\t\t\t\t\t<path d=\"M7.50015 9.64018H8.50015V6.30684H7.50015V9.64018Z\" \/>\n\t\t\t\t\t\t<path fill-rule=\"evenodd\" clip-rule=\"evenodd\" d=\"M6.98331 3.0947C7.42933 2.30177 8.57096 2.30177 9.01698 3.09469L13.8771 11.7349C14.3145 12.5126 13.7525 13.4735 12.8602 13.4735H3.14004C2.24774 13.4735 1.68575 12.5126 2.12321 11.7349L6.98331 3.0947ZM8.14541 3.58496C8.08169 3.47168 7.9186 3.47168 7.85488 3.58496L2.99478 12.2251C2.93229 12.3362 3.01257 12.4735 3.14004 12.4735H12.8602C12.9877 12.4735 13.068 12.3362 13.0055 12.2251L8.14541 3.58496Z\" \/>\n\t\t\t\t\t<\/svg>\n\t\t\t\t\t<span class=\"visually-hidden\">Warnung<\/span>\n\t\t\t\t<\/span>\n\t\t\t\t<span data-wp-text=\"state.errorMessage\" id=\"g708-name-text-error-message\"><\/span>\n\t\t\t<\/div> \n\t<\/div>\n\n<div style=\"\"  data-wp-interactive=\"jetpack\/form\" data-wp-context='{\"fieldId\":\"g708-email\",\"fieldType\":\"email\",\"fieldLabel\":\"E-Mail\",\"fieldValue\":\"\",\"fieldPlaceholder\":\"\",\"fieldIsRequired\":\"\",\"fieldErrorMessage\":\"\",\"fieldExtra\":[],\"formHash\":\"e770d3993759a5c19561a7a0b2edbefe5b893d24\"}'  class='grunion-field-email-wrap grunion-field-wrap'  data-wp-init='callbacks.initializeField' data-wp-on--jetpack-form-reset='callbacks.initializeField' >\n<label\n\t\t\t\tfor='g708-email' class=\"grunion-field-label email\" >E-Mail<\/label>\n<input\n\t\t\t\t\ttype='email'\n\t\t\t\t\tname='g708-email'\n\t\t\t\t\tid='g708-email'\n\t\t\t\t\tvalue=''\n\n\t\t\t\t\tdata-wp-bind--aria-invalid='state.fieldHasErrors'\n\t\t\t\t\tdata-wp-bind--value='state.getFieldValue'\n\t\t\t\t\taria-errormessage='g708-email-email-error-message'\n\t\t\t\t\tdata-wp-on--input='actions.onFieldChange'\n\t\t\t\t\tdata-wp-on--blur='actions.onFieldBlur'\n\t\t\t\t\tdata-wp-class--has-value='state.hasFieldValue'\n\n\t\t\t\t\tclass='email  grunion-field' \n\t\t\t\t\t \/>\n \n\t\t\t<div id=\"g708-email-email-error\" class=\"contact-form__input-error\" data-wp-class--has-errors=\"state.fieldHasErrors\">\n\t\t\t\t<span class=\"contact-form__warning-icon\">\n\t\t\t\t\t<svg width=\"16\" height=\"16\" viewBox=\"0 0 16 16\" fill=\"none\" xmlns=\"http:\/\/www.w3.org\/2000\/svg\">\n\t\t\t\t\t\t<path d=\"M8.50015 11.6402H7.50015V10.6402H8.50015V11.6402Z\" \/>\n\t\t\t\t\t\t<path d=\"M7.50015 9.64018H8.50015V6.30684H7.50015V9.64018Z\" \/>\n\t\t\t\t\t\t<path fill-rule=\"evenodd\" clip-rule=\"evenodd\" d=\"M6.98331 3.0947C7.42933 2.30177 8.57096 2.30177 9.01698 3.09469L13.8771 11.7349C14.3145 12.5126 13.7525 13.4735 12.8602 13.4735H3.14004C2.24774 13.4735 1.68575 12.5126 2.12321 11.7349L6.98331 3.0947ZM8.14541 3.58496C8.08169 3.47168 7.9186 3.47168 7.85488 3.58496L2.99478 12.2251C2.93229 12.3362 3.01257 12.4735 3.14004 12.4735H12.8602C12.9877 12.4735 13.068 12.3362 13.0055 12.2251L8.14541 3.58496Z\" \/>\n\t\t\t\t\t<\/svg>\n\t\t\t\t\t<span class=\"visually-hidden\">Warnung<\/span>\n\t\t\t\t<\/span>\n\t\t\t\t<span data-wp-text=\"state.errorMessage\" id=\"g708-email-email-error-message\"><\/span>\n\t\t\t<\/div> \n\t<\/div>\n\n<div style=\"\"  data-wp-interactive=\"jetpack\/form\" data-wp-context='{\"fieldId\":\"g708-website\",\"fieldType\":\"url\",\"fieldLabel\":\"Website\",\"fieldValue\":\"\",\"fieldPlaceholder\":\"\",\"fieldIsRequired\":\"\",\"fieldErrorMessage\":\"\",\"fieldExtra\":[],\"formHash\":\"e770d3993759a5c19561a7a0b2edbefe5b893d24\"}'  class='grunion-field-url-wrap grunion-field-wrap'  data-wp-init='callbacks.initializeField' data-wp-on--jetpack-form-reset='callbacks.initializeField' >\n<label\n\t\t\t\tfor='g708-website' class=\"grunion-field-label url\" >Website<\/label>\n<input\n\t\t\t\t\ttype='text'\n\t\t\t\t\tname='g708-website'\n\t\t\t\t\tid='g708-website'\n\t\t\t\t\tvalue=''\n\n\t\t\t\t\tdata-wp-bind--aria-invalid='state.fieldHasErrors'\n\t\t\t\t\tdata-wp-bind--value='state.getFieldValue'\n\t\t\t\t\taria-errormessage='g708-website-text-error-message'\n\t\t\t\t\tdata-wp-on--input='actions.onFieldChange'\n\t\t\t\t\tdata-wp-on--blur='actions.onFieldBlur'\n\t\t\t\t\tdata-wp-class--has-value='state.hasFieldValue'\n\n\t\t\t\t\tclass='url  grunion-field' \n\t\t\t\t\t \/>\n \n\t\t\t<div id=\"g708-website-text-error\" class=\"contact-form__input-error\" data-wp-class--has-errors=\"state.fieldHasErrors\">\n\t\t\t\t<span class=\"contact-form__warning-icon\">\n\t\t\t\t\t<svg width=\"16\" height=\"16\" viewBox=\"0 0 16 16\" fill=\"none\" xmlns=\"http:\/\/www.w3.org\/2000\/svg\">\n\t\t\t\t\t\t<path d=\"M8.50015 11.6402H7.50015V10.6402H8.50015V11.6402Z\" \/>\n\t\t\t\t\t\t<path d=\"M7.50015 9.64018H8.50015V6.30684H7.50015V9.64018Z\" \/>\n\t\t\t\t\t\t<path fill-rule=\"evenodd\" clip-rule=\"evenodd\" d=\"M6.98331 3.0947C7.42933 2.30177 8.57096 2.30177 9.01698 3.09469L13.8771 11.7349C14.3145 12.5126 13.7525 13.4735 12.8602 13.4735H3.14004C2.24774 13.4735 1.68575 12.5126 2.12321 11.7349L6.98331 3.0947ZM8.14541 3.58496C8.08169 3.47168 7.9186 3.47168 7.85488 3.58496L2.99478 12.2251C2.93229 12.3362 3.01257 12.4735 3.14004 12.4735H12.8602C12.9877 12.4735 13.068 12.3362 13.0055 12.2251L8.14541 3.58496Z\" \/>\n\t\t\t\t\t<\/svg>\n\t\t\t\t\t<span class=\"visually-hidden\">Warnung<\/span>\n\t\t\t\t<\/span>\n\t\t\t\t<span data-wp-text=\"state.errorMessage\" id=\"g708-website-text-error-message\"><\/span>\n\t\t\t<\/div> \n\t<\/div>\n\n<div style=\"\"  data-wp-interactive=\"jetpack\/form\" data-wp-context='{\"fieldId\":\"g708-kommentar\",\"fieldType\":\"textarea\",\"fieldLabel\":\"Kommentar\",\"fieldValue\":\"\",\"fieldPlaceholder\":\"\",\"fieldIsRequired\":\"1\",\"fieldErrorMessage\":\"\",\"fieldExtra\":[],\"formHash\":\"e770d3993759a5c19561a7a0b2edbefe5b893d24\"}'  class='grunion-field-textarea-wrap grunion-field-wrap'  data-wp-init='callbacks.initializeField' data-wp-on--jetpack-form-reset='callbacks.initializeField' >\n<label\n\t\t\t\tfor='contact-form-comment-g708-kommentar' class=\"grunion-field-label textarea\" >Kommentar<span class=\"grunion-label-required\" aria-hidden=\"true\">(erforderlich)<\/span><\/label>\n<textarea\n\t\t                style=''\n\t\t                name='g708-kommentar'\n\t\t                id='contact-form-comment-g708-kommentar'\n\t\t                rows='20'\n\t\t\t\t\t\tdata-wp-text='state.getFieldValue'\n\t\t\t\t\t\tdata-wp-on--input='actions.onFieldChange'\n\t\t\t\t\t\tdata-wp-on--blur='actions.onFieldBlur'\n\t\t\t\t\t\tdata-wp-class--has-value='state.hasFieldValue'\n\t\t\t\t\t\tdata-wp-bind--aria-invalid='state.fieldHasErrors'\n\t\t\t\t\t\taria-errormessage='g708-kommentar-textarea-error-message'\n\t\t\t\t\t\tclass='textarea  grunion-field'  required aria-required='true'><\/textarea>\n \n\t\t\t<div id=\"g708-kommentar-textarea-error\" class=\"contact-form__input-error\" data-wp-class--has-errors=\"state.fieldHasErrors\">\n\t\t\t\t<span class=\"contact-form__warning-icon\">\n\t\t\t\t\t<svg width=\"16\" height=\"16\" viewBox=\"0 0 16 16\" fill=\"none\" xmlns=\"http:\/\/www.w3.org\/2000\/svg\">\n\t\t\t\t\t\t<path d=\"M8.50015 11.6402H7.50015V10.6402H8.50015V11.6402Z\" \/>\n\t\t\t\t\t\t<path d=\"M7.50015 9.64018H8.50015V6.30684H7.50015V9.64018Z\" \/>\n\t\t\t\t\t\t<path fill-rule=\"evenodd\" clip-rule=\"evenodd\" d=\"M6.98331 3.0947C7.42933 2.30177 8.57096 2.30177 9.01698 3.09469L13.8771 11.7349C14.3145 12.5126 13.7525 13.4735 12.8602 13.4735H3.14004C2.24774 13.4735 1.68575 12.5126 2.12321 11.7349L6.98331 3.0947ZM8.14541 3.58496C8.08169 3.47168 7.9186 3.47168 7.85488 3.58496L2.99478 12.2251C2.93229 12.3362 3.01257 12.4735 3.14004 12.4735H12.8602C12.9877 12.4735 13.068 12.3362 13.0055 12.2251L8.14541 3.58496Z\" \/>\n\t\t\t\t\t<\/svg>\n\t\t\t\t\t<span class=\"visually-hidden\">Warnung<\/span>\n\t\t\t\t<\/span>\n\t\t\t\t<span data-wp-text=\"state.errorMessage\" id=\"g708-kommentar-textarea-error-message\"><\/span>\n\t\t\t<\/div>\n\t<\/div>\n\t<p class='contact-submit'>\n<div class=\"contact-form__error\" data-wp-class--show-errors=\"state.showFormErrors\"><span class=\"contact-form__warning-icon\"><span class=\"visually-hidden\">Warnung.<\/span><i aria-hidden=\"true\"><\/i><\/span>\n\t\t\t\t<span data-wp-text=\"state.getFormErrorMessage\"><\/span>\n\t\t\t\t<ul>\n\t\t\t\t<template data-wp-each=\"state.getErrorList\" data-wp-key=\"context.item.id\">\n\t\t\t\t\t<li><a data-wp-bind--href=\"context.item.anchor\" data-wp-on--click=\"actions.scrollIntoView\" data-wp-text=\"context.item.label\"><\/a><\/li>\n\t\t\t\t<\/template>\n\t\t\t\t<\/ul><\/div><div class=\"contact-form__error\" data-wp-class--show-errors=\"state.showSubmissionError\" data-wp-text=\"context.submissionError\"><\/div>\t\t<button type='submit' class='pushbutton-wide'>Senden<\/button>\t\t<input type='hidden' name='contact-form-id' value='708' \/>\n\t\t<input type='hidden' name='action' value='grunion-contact-form' \/>\n\t\t<input type='hidden' name='contact-form-hash' value='e770d3993759a5c19561a7a0b2edbefe5b893d24' \/>\n\t<\/p>\n<\/form>\n<\/div>\n<p style=\"text-align: justify;\">Im Gegenzug f\u00fcr Eure Infos stelle ich alle Inhalte diese Seite grunds\u00e4tzlich kostenlos zur Verf\u00fcgung. Jeder darf sie nutzen, weiter teilen oder meinetwegen auch ausdrucken oder abspeichern. Es wird keine Werbung auf dieser Seite erscheinen und auch sonst nichts gewerbliches damit gemacht. Jeder, der hier Inhalte liefert, wird als Quelle genannt (es sei denn, er m\u00f6chte das nicht).<\/p>\n<p style=\"text-align: justify;\">Bez\u00fcglich der &#8222;Monetisierung&#8220; gibt es zwei Vorbehalte, die ich treffen m\u00f6chte, und \u00fcber die ich gerne aufkl\u00e4re:<\/p>\n<ol style=\"text-align: justify;\">\n<li>In lange Beitr\u00e4ge auf dieser Seite werden Z\u00e4hl-Pixel der VG-Wort (das ist sowas wie die GEMA f\u00fcr Autoren) eingestellt, die bei hohen Nutzungszahlen ein bisschen Geld f\u00fcr den Autoren bzw. Herausgeber abwerfen k\u00f6nnten. Damit w\u00fcrde ich dann versuchen, die mit steigenden Nutzerzahlen zwangsl\u00e4ufig steigenden Kosten und\u00a0Risiken abzufedern. Aufgrund des zu erwartenden Interesses bei 1.200 Escher Einwohnern halte ich das aber aktuell f\u00fcr unwahrscheinlich.<\/li>\n<li>Sollte ich oder sollten wir irgendwann mal auf die Idee kommen, aus dieser Seite ein gedrucktes Werk zu machen, in welcher Form auch immer, behalte ich mir das Recht vor, als Herausgeber aufzutreten und mich mit eventuell in relevantem Umfang Beitragenden von Fall zu\u00a0Fall zu einigen. Auch das halte ich aktuell f\u00fcr unwahrscheinlich, wollte es aber vorsichtshalber nicht unerw\u00e4hnt lassen.<\/li>\n<\/ol>\n<p style=\"text-align: justify;\">Ich denke, in diesem Rahmen kann das ein Projekt f\u00fcr alle Escher werden.<\/p>\n<p style=\"text-align: justify;\">Gru\u00df, Eurer Matthias<\/p>\n","protected":false},"excerpt":{"rendered":"<p>Diese Seite braucht Eure Mithilfe! Ich suche alte Bilder, Dokumente und Geschichten zu unserem Ort. Wer gerne etwas beisteuern m\u00f6chte erreicht mich per Mail \u00fcber das Kontaktformular unten, per Telefon oder mit Gl\u00fcck auch zuhause. Wir habe aber auch einen Briefkasten &#x1f609; Auch Erg\u00e4nzungen, Korrekturen oder Verbesserungen nehme ich gerne entgegen. Im Gegenzug f\u00fcr Eure [&hellip;]<\/p>\n","protected":false},"author":1,"featured_media":0,"parent":0,"menu_order":0,"comment_status":"closed","ping_status":"closed","template":"","meta":{"jetpack_post_was_ever_published":false,"footnotes":""},"class_list":["post-708","page","type-page","status-publish","hentry"],"jetpack_shortlink":"https:\/\/wp.me\/P7PAez-bq","jetpack_sharing_enabled":false,"jetpack_likes_enabled":true,"_links":{"self":[{"href":"https:\/\/esch-taunus.de\/index.php?rest_route=\/wp\/v2\/pages\/708","targetHints":{"allow":["GET"]}}],"collection":[{"href":"https:\/\/esch-taunus.de\/index.php?rest_route=\/wp\/v2\/pages"}],"about":[{"href":"https:\/\/esch-taunus.de\/index.php?rest_route=\/wp\/v2\/types\/page"}],"author":[{"embeddable":true,"href":"https:\/\/esch-taunus.de\/index.php?rest_route=\/wp\/v2\/users\/1"}],"replies":[{"embeddable":true,"href":"https:\/\/esch-taunus.de\/index.php?rest_route=%2Fwp%2Fv2%2Fcomments&post=708"}],"version-history":[{"count":7,"href":"https:\/\/esch-taunus.de\/index.php?rest_route=\/wp\/v2\/pages\/708\/revisions"}],"predecessor-version":[{"id":2037,"href":"https:\/\/esch-taunus.de\/index.php?rest_route=\/wp\/v2\/pages\/708\/revisions\/2037"}],"wp:attachment":[{"href":"https:\/\/esch-taunus.de\/index.php?rest_route=%2Fwp%2Fv2%2Fmedia&parent=708"}],"curies":[{"name":"wp","href":"https:\/\/api.w.org\/{rel}","templated":true}]}}