{"id":697,"date":"2016-08-29T10:52:02","date_gmt":"2016-08-29T10:52:02","guid":{"rendered":"http:\/\/esch-taunus.de\/?page_id=697"},"modified":"2018-05-22T08:28:45","modified_gmt":"2018-05-22T07:28:45","slug":"datenschutz","status":"publish","type":"page","link":"https:\/\/esch-taunus.de\/?page_id=697","title":{"rendered":"Datenschutz"},"content":{"rendered":"<p style=\"text-align: justify;\"><strong>Wer wir sind<\/strong><\/p>\n<p style=\"text-align: justify;\">Die Adresse unserer Website ist: https:\/\/esch-taunus.de. Der Betreiber ist Matthias Ott, Schwalbacher Str. 12, 65529 Waldems. Gegenstand dieser Seite ist die Berichterstattung \u00fcber die Geschichte des Ortes Waldems-Esch. Dazu werden Daten und Fotografien gesammelt und \u00f6ffentlich platziert. Ein kommerzielles Interesse wird mit diesem Angebot nicht verfolgt.<\/p>\n<h4 style=\"text-align: justify;\">Kommentare<\/h4>\n<p style=\"text-align: justify;\">Wenn Besucher Kommentare auf der Website schreiben, sammeln wir die Daten, die im Kommentar-Formular angezeigt werden, au\u00dferdem die IP-Adresse des Besuchers und den User-Agent-String (damit wird der Browser identifiziert), um die Erkennung von Spam zu unterst\u00fctzen.<\/p>\n<p style=\"text-align: justify;\">Aus deiner E-Mail-Adresse kann eine anonymisierte Zeichenfolge erstellt (auch Hash genannt) und dem Gravatar-Dienst \u00fcbergeben werden, um zu pr\u00fcfen, ob du diesen benutzt. Die Datenschutzerkl\u00e4rung des Gravatar-Dienstes findest du hier: https:\/\/automattic.com\/privacy\/. Nachdem dein Kommentar freigegeben wurde, ist dein Profilbild \u00f6ffentlich im Kontext deines Kommentars sichtbar.<\/p>\n<h4 style=\"text-align: justify;\">Cookies<\/h4>\n<p style=\"text-align: justify;\">Wenn du einen Kommentar auf unserer Website schreibst, kann das eine Einwilligung sein, deinen Namen, E-Mail-Adresse und Website in Cookies zu speichern. Dies ist eine Komfortfunktion, damit du nicht, wenn du einen weiteren Kommentar schreibst, all diese Daten erneut eingeben musst. Diese Cookies werden ein Jahr lang gespeichert.<\/p>\n<p style=\"text-align: justify;\">Falls du ein Konto hast und dich auf dieser Website anmeldest, werden wir ein tempor\u00e4res Cookie setzen, um festzustellen, ob dein Browser Cookies akzeptiert. Dieses Cookie enth\u00e4lt keine personenbezogenen Daten und wird verworfen, wenn du deinen Browser schlie\u00dft.<\/p>\n<h4 style=\"text-align: justify;\">Eingebettete Inhalte von anderen Websites<\/h4>\n<p style=\"text-align: justify;\">Beitr\u00e4ge auf dieser Website k\u00f6nnen eingebettete Inhalte beinhalten (z.\u00a0B. Videos, Bilder, Beitr\u00e4ge etc.). Eingebettete Inhalte von anderen Websites verhalten sich exakt so, als ob der Besucher die andere Website besucht h\u00e4tte.<\/p>\n<p style=\"text-align: justify;\">Diese Websites k\u00f6nnen Daten \u00fcber dich sammeln, Cookies benutzen, zus\u00e4tzliche Tracking-Dienste von Dritten einbetten und deine Interaktion mit diesem eingebetteten Inhalt aufzeichnen, inklusive deiner Interaktion mit dem eingebetteten Inhalt, falls du ein Konto hast und auf dieser Website angemeldet bist.<\/p>\n<h4 style=\"text-align: justify;\">Wie lange wir deine Daten speichern<\/h4>\n<p style=\"text-align: justify;\">Wenn du einen Kommentar schreibst, wird dieser inklusive Metadaten zeitlich unbegrenzt gespeichert. Auf diese Art k\u00f6nnen wir Folgekommentare automatisch erkennen und freigeben, anstelle sie in einer Moderations-Warteschlange festzuhalten.<\/p>\n<p style=\"text-align: justify;\">F\u00fcr Benutzer, die sich auf unserer Website registrieren, speichern wir zus\u00e4tzlich die pers\u00f6nlichen Informationen, die sie in ihren Benutzerprofilen angeben. Alle Benutzer k\u00f6nnen jederzeit ihre pers\u00f6nlichen Informationen einsehen, ver\u00e4ndern oder l\u00f6schen (der Benutzername kann nicht ver\u00e4ndert werden). Administratoren der Website k\u00f6nnen diese Informationen ebenfalls einsehen und ver\u00e4ndern.<\/p>\n<h4 style=\"text-align: justify;\">Welche Rechte du an deinen Daten hast<\/h4>\n<p style=\"text-align: justify;\">Wenn du ein Konto auf dieser Website besitzt oder Kommentare geschrieben hast, kannst du einen Export deiner personenbezogenen Daten bei uns anfordern, inklusive aller Daten, die du uns mitgeteilt hast. Dar\u00fcber hinaus kannst du die L\u00f6schung aller personenbezogenen Daten, die wir von dir gespeichert haben, anfordern. Dies umfasst nicht die Daten, die wir aufgrund administrativer, rechtlicher oder sicherheitsrelevanter Notwendigkeiten aufbewahren m\u00fcssen.<\/p>\n<h4 style=\"text-align: justify;\">Wohin wir deine Daten senden<\/h4>\n<p style=\"text-align: justify;\">Besucher-Kommentare k\u00f6nnten von einem automatisierten Dienst zur Spam-Erkennung untersucht werden.<\/p>\n<h4 style=\"text-align: justify;\">Datenschutzerkl\u00e4rung f\u00fcr die Nutzung von Facebook-Plugins\u00a0(Like-Button)<\/h4>\n<p style=\"text-align: justify;\">Auf unseren Seiten sind Plugins des sozialen Netzwerks Facebook, 1601 South California Avenue, Palo Alto, CA 94304, USA integriert. Die Facebook-Plugins erkennen Sie an dem Facebook-Logo oder dem \u201eLike-Button\u201c (\u201eGef\u00e4llt mir\u201c) auf unserer Seite. Eine \u00dcbersicht \u00fcber die Facebook-Plugins finden Sie hier:<br \/>\n<a href=\"http:\/\/developers.facebook.com\/docs\/plugins\/\" target=\"_blank\" rel=\"noopener\"><span style=\"color: #b00300;\">http:\/\/developers.facebook.com\/docs\/plugins\/<\/span><\/a>.<\/p>\n<p style=\"text-align: justify;\">Wenn Sie unsere Seiten besuchen, wird \u00fcber das Plugin eine direkte Verbindung zwischen Ihrem Browser und dem Facebook-Server hergestellt. Facebook erh\u00e4lt dadurch die Information, dass Sie mit Ihrer IP-Adresse unsere Seite besucht haben. Wenn Sie den Facebook \u201eLike-Button\u201c anklicken w\u00e4hrend Sie in Ihrem Facebook-Account eingeloggt sind, k\u00f6nnen Sie die Inhalte unserer Seiten auf Ihrem Facebook-Profil verlinken. Dadurch kann Facebook den Besuch unserer Seiten Ihrem Benutzerkonto zuordnen. Wir weisen darauf hin, dass wir als Anbieter der Seiten keine Kenntnis vom Inhalt der \u00fcbermittelten Daten sowie deren Nutzung durch Facebook erhalten. Weitere Informationen hierzu finden Sie in der Datenschutzerkl\u00e4rung von facebook unter <a href=\"http:\/\/de-de.facebook.com\/policy.php\" target=\"_blank\" rel=\"noopener\"><span style=\"color: #b00300;\">http:\/\/de-de.facebook.com\/policy.php<\/span><\/a><\/p>\n<p style=\"text-align: justify;\">Wenn Sie nicht w\u00fcnschen, dass Facebook den Besuch unserer Seiten Ihrem Facebook-Nutzerkonto zuordnen kann, loggen Sie sich bitte aus Ihrem Facebook-Benutzerkonto aus.<\/p>\n<h4 style=\"text-align: justify;\">Datenschutzerkl\u00e4rung f\u00fcr die Nutzung von Google +1<\/h4>\n<p style=\"text-align: justify;\"><em>Erfassung und Weitergabe von Informationen:<\/em><\/p>\n<p style=\"text-align: justify;\">Mithilfe der Google +1-Schaltfl\u00e4che k\u00f6nnen Sie Informationen weltweit ver\u00f6ffentlichen. \u00fcber die Google +1-Schaltfl\u00e4che erhalten Sie und andere Nutzer personalisierte Inhalte von Google und unseren Partnern. Google speichert sowohl die Information, dass Sie f\u00fcr einen Inhalt +1 gegeben haben, als auch Informationen \u00fcber die Seite, die Sie beim Klicken auf \u00a0+1 angesehen haben. Ihre +1 k\u00f6nnen als Hinweise zusammen mit Ihrem Profilnamen und Ihrem Foto in Google-Diensten, wie etwa in Suchergebnissen oder in Ihrem Google-Profil, oder an anderen Stellen auf Websites und Anzeigen im Internet eingeblendet werden.<\/p>\n<p style=\"text-align: justify;\">Google zeichnet Informationen \u00fcber Ihre +1-Aktivit\u00e4ten auf, um die Google-Dienste f\u00fcr Sie und andere zu verbessern. Um die Google +1-Schaltfl\u00e4che verwenden zu k\u00f6nnen, ben\u00f6tigen Sie ein weltweit sichtbares, \u00f6ffentliches Google-Profil, das zumindest den f\u00fcr das Profil gew\u00e4hlten Namen enthalten muss. Dieser Name wird in allen Google-Diensten verwendet. In manchen F\u00e4llen kann dieser Name auch einen anderen Namen ersetzen, den Sie beim Teilen von Inhalten \u00fcber Ihr Google-Konto verwendet haben. Die Identit\u00e4t Ihres Google-Profils<br \/>\nkann Nutzern angezeigt werden, die Ihre E-Mail-Adresse kennen oder \u00fcber andere identifizierende Informationen von Ihnen verf\u00fcgen.<\/p>\n<h4 style=\"text-align: justify;\">Verwendung der erfassten Informationen<\/h4>\n<p style=\"text-align: justify;\">Neben den oben erl\u00e4uterten Verwendungszwecken werden die von Ihnen bereitgestellten Informationen gem\u00e4\u00df den geltenden Google-Datenschutzbestimmungen genutzt. Google ver\u00f6ffentlicht m\u00f6glicherweise zusammengefasste Statistiken \u00fcber die +1-Aktivit\u00e4ten der Nutzer bzw. gibt diese an Nutzer und Partner weiter, wie etwa Publisher, Inserenten oder verbundene Websites.<\/p>\n<h4 style=\"text-align: justify;\">Datenschutzerkl\u00e4rung f\u00fcr die Nutzung von Twitter<\/h4>\n<p style=\"text-align: justify;\">Auf unseren Seiten sind Funktionen des Dienstes Twitter eingebunden. Diese Funktionen werden angeboten durch die Twitter Inc., 795 Folsom St., Suite 600, San Francisco, CA 94107, USA. Durch das Benutzen von Twitter und der Funktion \u201eRe-Tweet\u201c werden die von Ihnen besuchten Webseiten mit Ihrem Twitter-Account verkn\u00fcpft und anderen Nutzern bekannt gegeben. Dabei werden auch Daten an Twitter \u00fcbertragen.<\/p>\n<p style=\"text-align: justify;\">Wir weisen darauf hin, dass wir als Anbieter der Seiten keine Kenntnis vom Inhalt der \u00fcbermittelten Daten sowie deren Nutzung durch Twitter erhalten. Weitere Informationen hierzu finden Sie in der Datenschutzerkl\u00e4rung von Twitter unter <a href=\"http:\/\/twitter.com\/privacy\" target=\"_blank\" rel=\"noopener\"><span style=\"color: #b00300;\">http:\/\/twitter.com\/privacy<\/span><\/a>.<\/p>\n<p style=\"text-align: justify;\">Ihre Datenschutzeinstellungen bei Twitter k\u00f6nnen Sie in den Konto-Einstellungen unter <a href=\"http:\/\/twitter.com\/account\/settings\" target=\"_blank\" rel=\"noopener\"><span style=\"color: #b00300;\">http:\/\/twitter.com\/account\/settings<\/span><\/a> \u00e4ndern.<\/p>\n<p style=\"text-align: justify;\"><em>Quellverweis: <a href=\"http:\/\/www.e-recht24.de\/muster-disclaimer.htm\" target=\"_blank\" rel=\"noopener\"><span style=\"color: #b00300;\">Disclaimer<\/span><\/a> von eRecht24, dem Portal zum Internetrecht von Rechtsanwalt S\u00f6ren Siebert, <a href=\"http:\/\/www.e-recht24.de\/artikel\/datenschutz\/6590-facebook-like-button-datenschutz-disclaimer.html\" target=\"_blank\" rel=\"noopener\"><span style=\"color: #b00300;\">Facebook-Disclaimer von eRecht24<\/span><\/a>, <a href=\"http:\/\/www.google.com\/intl\/de\/+\/policy\/+1button.html\" target=\"_blank\" rel=\"noopener\"><span style=\"color: #b00300;\">Datenschutzerkl\u00e4rung f\u00fcr Google +1<\/span><\/a>, <a href=\"http:\/\/twitter.com\/privacy\" target=\"_blank\" rel=\"noopener\"><span style=\"color: #b00300;\">Twitter Datenschutzerkl\u00e4rung<\/span><\/a><\/em><\/p>\n<h1 style=\"text-align: justify;\">Cookies und Meldungen zu Zugriffszahlen<\/h1>\n<p style=\"text-align: justify;\">Wir setzen \u201eSession-Cookies\u201c der VG Wort, M\u00fcnchen, zur Messung von Zugriffen auf Texten ein, um die Kopierwahrscheinlichkeit zu erfassen. Session-Cookies sind kleine Informationseinheiten, die ein Anbieter im Arbeitsspeicher des Computers des Besuchers speichert. In einem Session-Cookie wird eine zuf\u00e4llig erzeugte eindeutige Identifikationsnummer abgelegt, eine sogenannte Session-ID. Au\u00dferdem enth\u00e4lt ein Cookie die Angabe \u00fcber seine Herkunft und die Speicherfrist. Session-Cookies k\u00f6nnen keine anderen Daten speichern. Diese Messungen werden von der INFOnline GmbH nach dem Skalierbaren Zentralen Messverfahren (SZM) durchgef\u00fchrt. Sie helfen dabei, die Kopierwahrscheinlichkeit einzelner Texte zur Verg\u00fctung von gesetzlichen Anspr\u00fcchen von Autoren und Verlagen zu ermitteln. Wir erfassen keine personenbezogenen Daten \u00fcber Cookies.<\/p>\n<p style=\"text-align: justify;\">Viele unserer Seiten sind mit JavaScript-Aufrufen versehen, \u00fcber die wir die Zugriffe an die Verwertungsgesellschaft Wort (VG Wort) melden. Wir erm\u00f6glichen damit, dass unsere Autoren an den Aussch\u00fcttungen der VG Wort partizipieren, die die gesetzliche Verg\u00fctung f\u00fcr die Nutzungen urheberrechtlich gesch\u00fctzter Werke gem. \u00a7 53 UrhG sicherstellen.<\/p>\n<p style=\"text-align: justify;\">Eine Nutzung unserer Angebote ist auch ohne Cookies m\u00f6glich. Die meisten Browser sind so eingestellt, dass sie Cookies automatisch akzeptieren. Sie k\u00f6nnen das Speichern von Cookies jedoch deaktivieren oder Ihren Browser so einstellen, dass er Sie benachrichtigt, sobald Cookies gesendet werden.<\/p>\n<h1 style=\"text-align: justify;\">Datenschutzerkl\u00e4rung zur Nutzung des Skalierbaren Zentralen Messverfahrens<\/h1>\n<p style=\"text-align: justify;\">Unsere Website und unser mobiles Webangebot nutzen das \u201eSkalierbare Zentrale Messverfahren\u201c (SZM) der INFOnline GmbH (https:\/\/www.infonline.de) f\u00fcr die Ermittlung statistischer Kennwerte zur Ermittlung der Kopierwahrscheinlichkeit von Texten.<\/p>\n<p style=\"text-align: justify;\">Dabei werden anonyme Messwerte erhoben. Die Zugriffszahlenmessung verwendet zur Wiedererkennung von Computersystemen alternativ ein Session-Cookie oder eine Signatur, die aus verschiedenen automatisch \u00fcbertragenen Informationen Ihres Browsers erstellt wird. IP-Adressen werden nur in anonymisierter Form verarbeitet.<\/p>\n<p style=\"text-align: justify;\">Das Verfahren wurde unter der Beachtung des Datenschutzes entwickelt. Einziges Ziel des Verfahrens ist es, die Kopierwahrscheinlichkeit einzelner Texte zu ermitteln.<\/p>\n<p style=\"text-align: justify;\">Zu keinem Zeitpunkt werden einzelne Nutzer identifiziert. Ihre Identit\u00e4t bleibt immer gesch\u00fctzt. Sie erhalten \u00fcber das System keine Werbung.<\/p>\n","protected":false},"excerpt":{"rendered":"<p>Wer wir sind Die Adresse unserer Website ist: https:\/\/esch-taunus.de. Der Betreiber ist Matthias Ott, Schwalbacher Str. 12, 65529 Waldems. Gegenstand dieser Seite ist die Berichterstattung \u00fcber die Geschichte des Ortes Waldems-Esch. Dazu werden Daten und Fotografien gesammelt und \u00f6ffentlich platziert. Ein kommerzielles Interesse wird mit diesem Angebot nicht verfolgt. Kommentare Wenn Besucher Kommentare auf der [&hellip;]<\/p>\n","protected":false},"author":1,"featured_media":0,"parent":0,"menu_order":0,"comment_status":"closed","ping_status":"closed","template":"","meta":{"jetpack_post_was_ever_published":false,"footnotes":""},"class_list":["post-697","page","type-page","status-publish","hentry"],"jetpack_shortlink":"https:\/\/wp.me\/P7PAez-bf","jetpack_sharing_enabled":false,"jetpack_likes_enabled":true,"_links":{"self":[{"href":"https:\/\/esch-taunus.de\/index.php?rest_route=\/wp\/v2\/pages\/697","targetHints":{"allow":["GET"]}}],"collection":[{"href":"https:\/\/esch-taunus.de\/index.php?rest_route=\/wp\/v2\/pages"}],"about":[{"href":"https:\/\/esch-taunus.de\/index.php?rest_route=\/wp\/v2\/types\/page"}],"author":[{"embeddable":true,"href":"https:\/\/esch-taunus.de\/index.php?rest_route=\/wp\/v2\/users\/1"}],"replies":[{"embeddable":true,"href":"https:\/\/esch-taunus.de\/index.php?rest_route=%2Fwp%2Fv2%2Fcomments&post=697"}],"version-history":[{"count":4,"href":"https:\/\/esch-taunus.de\/index.php?rest_route=\/wp\/v2\/pages\/697\/revisions"}],"predecessor-version":[{"id":2192,"href":"https:\/\/esch-taunus.de\/index.php?rest_route=\/wp\/v2\/pages\/697\/revisions\/2192"}],"wp:attachment":[{"href":"https:\/\/esch-taunus.de\/index.php?rest_route=%2Fwp%2Fv2%2Fmedia&parent=697"}],"curies":[{"name":"wp","href":"https:\/\/api.w.org\/{rel}","templated":true}]}}