{"id":61,"date":"2016-08-21T21:01:54","date_gmt":"2016-08-21T21:01:54","guid":{"rendered":"http:\/\/esch-taunus.de\/?page_id=61"},"modified":"2021-01-06T20:45:01","modified_gmt":"2021-01-06T19:45:01","slug":"gasthaeuser","status":"publish","type":"page","link":"https:\/\/esch-taunus.de\/?page_id=61","title":{"rendered":"Gasth\u00e4user"},"content":{"rendered":"<p style=\"text-align: justify;\">Aufgrund der Lage an alten Handelswegen d\u00fcrfte es bereits zu fr\u00fchen Zeiten Gasth\u00e4user in Esch gegeben haben. In den Aufzeichnungen im Hessischen Hauptstaatsarchiv zum <a href=\"https:\/\/esch-taunus.de\/?p=113\">Drei\u00dfigj\u00e4hrigen Krieg<\/a>\u00a0werden mit Datum August 1620 die Wirte &#8222;Zum Wei\u00dfen Ross&#8220;, &#8222;Zum L\u00f6wen&#8220; und &#8222;<a href=\"https:\/\/esch-taunus.de\/?p=53\">Zur Krone<\/a>&#8220; genannt. Im Laufe dieses Krieges wurde Esch fast vollst\u00e4ndig zerst\u00f6rt und erst zum Ende des 17. Jahrhunderts wieder vollst\u00e4ndig aufgebaut. Dabei d\u00fcrften auch diese urspr\u00fcnglichen Gasth\u00e4user unter gegangen sein, einzig das &#8222;Wei\u00dfe Ross&#8220; ist bis in die 1750er Jahre belegt.<\/p>\n<p style=\"text-align: justify;\">Ab dem Beginn des 18. Jahrhunderts, sp\u00e4testens ab 1714, wird die Gastst\u00e4tte <a href=\"https:\/\/esch-taunus.de\/?p=49\">Zum Gr\u00fcnen Baum<\/a> genannt. Wahrscheinlich hat es sie bereits vorher gegeben, eventuell unter einem der oben genannten Namen. Sie d\u00fcrfte zum Ende ihrer Zeit mit rund 300 Jahren die \u00e4lteste Gastst\u00e4tte in Esch gewesen sein.<\/p>\n<p style=\"text-align: justify;\">Die Gasth\u00e4user waren seit jeher ein Mittelpunkt des Dorflebens, sei es als Sitzungsraum f\u00fcr Gesch\u00e4fte, als Werbungsst\u00e4tte f\u00fcr das Milit\u00e4r oder als Schauplatz teils t\u00e4tlicher Auseinandersetzungen, in die fallweise auch Schulthei\u00df und Pfarrer verwickelt waren.<\/p>\n<p style=\"text-align: justify;\">Auch aktuell halten sich noch Gasth\u00e4user in Esch, einzig die <a href=\"https:\/\/esch-taunus.de\/?p=53\">Krone<\/a>\u00a0hat aber eine l\u00e4ngere Tradition, wenn auch davon auszugehen ist, dass die heutige Gastst\u00e4tte erst Ende des 19. Jahrhunderts entstand und demnach nicht identisch mit der &#8222;Krone&#8220; aus dem 17. Jahrhundert ist.<\/p>\n\n<ul class=\"wp-block-latest-posts__list wp-block-latest-posts\"><li><a class=\"wp-block-latest-posts__post-title\" href=\"https:\/\/esch-taunus.de\/?p=1668\">Schwalbacher Stra\u00dfe 33<\/a><div class=\"wp-block-latest-posts__post-excerpt\">Hier gab es laut Helmut Wald einst eine Gastst\u00e4tte namens &#8222;Zum Lindenwirt&#8220;. Die Bewohner, wohl eine aus Kr\u00f6ftel stammende Familie Sch\u00fctz, sp\u00e4ter wohl Knieling, erwarb sich daher den Hausnamen &#8222;Lennewerts&#8220;. Eine Tochter, Emma, heiratete Hermann Lanz, dessen Familie in der\u00a0Schulgasse\u00a0eine M\u00fchle besa\u00df und nahm ihren Hausnamen mit. Bis zu ihrem Tod 1983 wurde sie daher\u2026\u00a0<a class=\"wp-block-latest-posts__read-more\" href=\"https:\/\/esch-taunus.de\/?p=1668\" rel=\"noopener noreferrer\"><span class=\"screen-reader-text\">Schwalbacher Stra\u00dfe 33 <\/span>weiterlesen<\/a><\/div><\/li>\n<li><a class=\"wp-block-latest-posts__post-title\" href=\"https:\/\/esch-taunus.de\/?p=47\">Zum deutschen Haus<\/a><div class=\"wp-block-latest-posts__post-excerpt\">Der Haupterwerb der Familie Christmann, genannt &#8222;Linke&#8220; war die Landwirtschaft. Daneben wurde im vorderen Teil des Haupthauses eine Gasst\u00e4tte betrieben und es gab eine Apfelweinkelterei. 1928 war der Wirt Wilhelm Christmann, verheiratet mit Wilhelmine Preiss, die Linke-Mutter genannt wurde. Hugo Sch\u00f6nborn, dann mit dem Hausnamen seiner Schwiegereltern Linke Hugo genannt, heiratete in den Hof ein.\u2026\u00a0<a class=\"wp-block-latest-posts__read-more\" href=\"https:\/\/esch-taunus.de\/?p=47\" rel=\"noopener noreferrer\"><span class=\"screen-reader-text\">Zum deutschen Haus <\/span>weiterlesen<\/a><\/div><\/li>\n<li><a class=\"wp-block-latest-posts__post-title\" href=\"https:\/\/esch-taunus.de\/?p=53\">Schwalbacher Stra\u00dfe 19<\/a><div class=\"wp-block-latest-posts__post-excerpt\">Bereits zur Zeit des 30j\u00e4hrigen Krieges gab es in Esch ein &#8222;Gasthaus zur Krone&#8220;. So findet sich im Bestand des hessichen Saatsarchives ein Eintrag zum Jahr 1620: Dei Reuterei, so uff 4500 starck undt dar\u00fcber Grave Heinrich von Berg dass commando hat, ist Donnerstag durch Esch geruckt. Das Gebiet der Pfarrei Esch und die Anf\u00e4nge\u2026\u00a0<a class=\"wp-block-latest-posts__read-more\" href=\"https:\/\/esch-taunus.de\/?p=53\" rel=\"noopener noreferrer\"><span class=\"screen-reader-text\">Schwalbacher Stra\u00dfe 19 <\/span>weiterlesen<\/a><\/div><\/li>\n<li><a class=\"wp-block-latest-posts__post-title\" href=\"https:\/\/esch-taunus.de\/?p=51\">Frankfurter Stra\u00dfe 2<\/a><div class=\"wp-block-latest-posts__post-excerpt\">Bei dem Anwesen in der Frankfurter Stra\u00dfe 2 handelt es sich, neben dem Riedschen Gut, um einen der beiden historischen Gutsh\u00f6fe in Esch. Dort befand sich das Gasthaus zum Taunus sowie ein Einkaufsladen und sp\u00e4ter wechselnde Gewerbebetriebe. Das Gasthaus zum Taunus an der Kreuzung B8\/B275 (dem Dalles) ist ebenso wie die Krone ein Traditionshaus.\u00a0 Auf\u2026\u00a0<a class=\"wp-block-latest-posts__read-more\" href=\"https:\/\/esch-taunus.de\/?p=51\" rel=\"noopener noreferrer\"><span class=\"screen-reader-text\">Frankfurter Stra\u00dfe 2 <\/span>weiterlesen<\/a><\/div><\/li>\n<li><a class=\"wp-block-latest-posts__post-title\" href=\"https:\/\/esch-taunus.de\/?p=49\">Zum Gr\u00fcnen Baum<\/a><div class=\"wp-block-latest-posts__post-excerpt\">Die Gastst\u00e4tte befand sich neben dem&nbsp;dem Gel\u00e4nde des ehemaligen &#8222;Seyberths Hof&#8220;, auch Riedsches Gut oder Stellhof genannte. Dort entstand sp\u00e4ter die Lederfabrik Rheingans (sp\u00e4ter Beuleke), in der zweiten&nbsp;H\u00e4lfte des&nbsp;20. Jahrhunderts stand ein Teil der Geb\u00e4ude leer und verfiel zusehends. Zwischen der Gastst\u00e4tte und der Lederfabrik entstand ein freier Platz, auf dem eine Tankstelle errichtet wurde.\u2026\u00a0<a class=\"wp-block-latest-posts__read-more\" href=\"https:\/\/esch-taunus.de\/?p=49\" rel=\"noopener noreferrer\"><span class=\"screen-reader-text\">Zum Gr\u00fcnen Baum <\/span>weiterlesen<\/a><\/div><\/li>\n<\/ul>","protected":false},"excerpt":{"rendered":"<p>Aufgrund der Lage an alten Handelswegen d\u00fcrfte es bereits zu fr\u00fchen Zeiten Gasth\u00e4user in Esch gegeben haben. In den Aufzeichnungen im Hessischen Hauptstaatsarchiv zum Drei\u00dfigj\u00e4hrigen Krieg\u00a0werden mit Datum August 1620 die Wirte &#8222;Zum Wei\u00dfen Ross&#8220;, &#8222;Zum L\u00f6wen&#8220; und &#8222;Zur Krone&#8220; genannt. Im Laufe dieses Krieges wurde Esch fast vollst\u00e4ndig zerst\u00f6rt und erst zum Ende des [&hellip;]<\/p>\n","protected":false},"author":1,"featured_media":0,"parent":0,"menu_order":0,"comment_status":"closed","ping_status":"closed","template":"","meta":{"jetpack_post_was_ever_published":false,"footnotes":""},"class_list":["post-61","page","type-page","status-publish","hentry"],"jetpack_shortlink":"https:\/\/wp.me\/P7PAez-Z","jetpack_sharing_enabled":true,"jetpack_likes_enabled":true,"_links":{"self":[{"href":"https:\/\/esch-taunus.de\/index.php?rest_route=\/wp\/v2\/pages\/61","targetHints":{"allow":["GET"]}}],"collection":[{"href":"https:\/\/esch-taunus.de\/index.php?rest_route=\/wp\/v2\/pages"}],"about":[{"href":"https:\/\/esch-taunus.de\/index.php?rest_route=\/wp\/v2\/types\/page"}],"author":[{"embeddable":true,"href":"https:\/\/esch-taunus.de\/index.php?rest_route=\/wp\/v2\/users\/1"}],"replies":[{"embeddable":true,"href":"https:\/\/esch-taunus.de\/index.php?rest_route=%2Fwp%2Fv2%2Fcomments&post=61"}],"version-history":[{"count":8,"href":"https:\/\/esch-taunus.de\/index.php?rest_route=\/wp\/v2\/pages\/61\/revisions"}],"predecessor-version":[{"id":2597,"href":"https:\/\/esch-taunus.de\/index.php?rest_route=\/wp\/v2\/pages\/61\/revisions\/2597"}],"wp:attachment":[{"href":"https:\/\/esch-taunus.de\/index.php?rest_route=%2Fwp%2Fv2%2Fmedia&parent=61"}],"curies":[{"name":"wp","href":"https:\/\/api.w.org\/{rel}","templated":true}]}}