{"id":44,"date":"2016-08-21T20:42:01","date_gmt":"2016-08-21T20:42:01","guid":{"rendered":"http:\/\/esch-taunus.de\/?page_id=44"},"modified":"2021-01-06T20:43:04","modified_gmt":"2021-01-06T19:43:04","slug":"vereine","status":"publish","type":"page","link":"https:\/\/esch-taunus.de\/?page_id=44","title":{"rendered":"Vereine"},"content":{"rendered":"\n\n<ul class=\"wp-block-latest-posts__list wp-block-latest-posts\"><li><a class=\"wp-block-latest-posts__post-title\" href=\"https:\/\/esch-taunus.de\/?p=38\">Altenclub<\/a><div class=\"wp-block-latest-posts__post-excerpt\">Am 16. M\u00e4rz 1975\u00a0wurde der Altenclub im Gemeinderaum neben der Gastst\u00e4tte Zum Taunus ins Leben gerufen. Damals kamen 25 Senioren. Seit dem wird er von Irmgard Sch\u00e4fer geleitet. Essen und Getr\u00e4nke wurden anfangs von der gegen\u00fcber liegenden Gastst\u00e4tte Zum Gr\u00fcnen Baum hin\u00fcber getragen. &nbsp; Im Jahr 1993 konnte der Altenclub, nach einigen behelfsm\u00e4\u00dfigen &#8222;Vereinslokalen&#8220; fest\u2026\u00a0<a class=\"wp-block-latest-posts__read-more\" href=\"https:\/\/esch-taunus.de\/?p=38\" rel=\"noopener noreferrer\"><span class=\"screen-reader-text\">Altenclub <\/span>weiterlesen<\/a><\/div><\/li>\n<li><a class=\"wp-block-latest-posts__post-title\" href=\"https:\/\/esch-taunus.de\/?p=632\">Aussenrum statt Mittendurch, Ortsumgehung Esch e.V.<\/a><div class=\"wp-block-latest-posts__post-excerpt\">In Folge einer von Ortsvorsteher Stefan Moog iniitierten B\u00fcrgerversammlung 2009 gr\u00fcndete sich die B\u00fcrgerinitative Aussenrum statt Mittendurch, Ortsumgehung Esch e.V. und wurde 2010 in das Vereinsregister eingetragen. Vorsitzende wurde Martina Klebach. Ihr Ziel ist es, den Bau von Umgehungsstra\u00dfen f\u00fcr die Bundesstra\u00dfen B 275 und B 8, also die Schwalbacher Stra\u00dfe und die Frankfurter Stra\u00dfe\u2026\u00a0<a class=\"wp-block-latest-posts__read-more\" href=\"https:\/\/esch-taunus.de\/?p=632\" rel=\"noopener noreferrer\"><span class=\"screen-reader-text\">Aussenrum statt Mittendurch, Ortsumgehung Esch e.V. <\/span>weiterlesen<\/a><\/div><\/li>\n<li><a class=\"wp-block-latest-posts__post-title\" href=\"https:\/\/esch-taunus.de\/?p=2655\">Frauenchor Esch<\/a><div class=\"wp-block-latest-posts__post-excerpt\">Bis in die fr\u00fchen 2000er Jahre bestand der 1967 gegr\u00fcndete Frauenchor. Er war selbstst\u00e4ndig und nicht der S\u00e4ngervereinigung 1883 Esch e.V. zugeh\u00f6rig, \u00fcbte aber auch in den Gemeinder\u00e4umen in der Frankfurter Stra\u00dfe 2. Vorsitzende war von den 1970er Jahren bis zur Aufl\u00f6sung des Chores Ursula Guckes. Quellen:<\/div><\/li>\n<li><a class=\"wp-block-latest-posts__post-title\" href=\"https:\/\/esch-taunus.de\/?p=36\">Freiwillige Feuerwehr 1934 Esch e.V.<\/a><div class=\"wp-block-latest-posts__post-excerpt\">Vor der Gr\u00fcndung der freiwilligen Feuerwehr wurde der Brandschutz in Esch offenbar durch eine Pflichtfeuerwehr sicher gestellt. Dies sollte sich in den 1930er Jahren wie in vielen anderen Gemeinden im deutschen Reich \u00e4ndern. Im M\u00e4rz des Jahres 1934 wurde in der Idsteiner Zeitung \u00fcber den Stand des Feuerl\u00f6schwesens im Untertaunus folgendes berichtet: Das Feuerl\u00f6schwesen im\u2026\u00a0<a class=\"wp-block-latest-posts__read-more\" href=\"https:\/\/esch-taunus.de\/?p=36\" rel=\"noopener noreferrer\"><span class=\"screen-reader-text\">Freiwillige Feuerwehr 1934 Esch e.V. <\/span>weiterlesen<\/a><\/div><\/li>\n<li><a class=\"wp-block-latest-posts__post-title\" href=\"https:\/\/esch-taunus.de\/?p=661\">Jagdgenossenschaft Esch<\/a><div class=\"wp-block-latest-posts__post-excerpt\">Jagdgenossenschaften werden in Hessen \u00fcber den \u00a7 8 des hessischen Jagdgesetzes (HJagdG) als K\u00f6rperschaften des \u00f6ffentlichen Rechts unter Aufsicht der Jagdbeh\u00f6rden definiert. In Ihr organiseren sich die Grundeigent\u00fcmer eines Jagdbezirks. Die Jagdgenosschenschaft verpachtet in der Regel die Jagd des Jagdbezirks aus mindestens 10 Jahre an einen Jagdp\u00e4chter, der dann auch z.B. die Haftung f\u00fcr Wildsch\u00e4den\u2026\u00a0<a class=\"wp-block-latest-posts__read-more\" href=\"https:\/\/esch-taunus.de\/?p=661\" rel=\"noopener noreferrer\"><span class=\"screen-reader-text\">Jagdgenossenschaft Esch <\/span>weiterlesen<\/a><\/div><\/li>\n<li><a class=\"wp-block-latest-posts__post-title\" href=\"https:\/\/esch-taunus.de\/?p=40\">Jugendr\u00e4ume<\/a><div class=\"wp-block-latest-posts__post-excerpt\">Die Geschichte der &#8222;Jugendr\u00e4ume&#8220; in Esch k\u00f6nnte man fast in einer Wellenbewegung zeichnen, mit vielen T\u00e4lern und kurzen Gipfeln. Ich erinnere mich gut an unseren Bauwagen. Leider wei\u00df ich nicht mehr, wo der herkam, aber zuerst stand er in der Lindenstra\u00dfe, da ungef\u00e4hr wo heute die Bushaltestelle ist. Strom gab&#8217;s keinen und geheizt wurde mit\u2026\u00a0<a class=\"wp-block-latest-posts__read-more\" href=\"https:\/\/esch-taunus.de\/?p=40\" rel=\"noopener noreferrer\"><span class=\"screen-reader-text\">Jugendr\u00e4ume <\/span>weiterlesen<\/a><\/div><\/li>\n<li><a class=\"wp-block-latest-posts__post-title\" href=\"https:\/\/esch-taunus.de\/?p=1627\">Kleintier-Zuchtverein H344 Esch\/Taunus<\/a><div class=\"wp-block-latest-posts__post-excerpt\">Der Kleintierzutcheverein veranstaltete bis in die 1980er Jahre regelm\u00e4\u00dfige Zuchtschauen in der Turnhalle. Langj\u00e4hriger Vorsitzender war Otto Schaus, sp\u00e4ter war es Fritz Leichtfu\u00df (Recheners Fritz). Weitere Vorstandsmitglieder waren Reinhold Moog (Kassierer) und Erika M\u00fcller (Schriftf\u00fchrerin). Mitglieder und Z\u00fcchter waren u.a. Albert und J\u00f6rg Leichtfu\u00df (K\u00fcfersch) und Andreas Ziegeldorf. Der Verein hatte die Vereinsnummer H344. Quellen:<\/div><\/li>\n<li><a class=\"wp-block-latest-posts__post-title\" href=\"https:\/\/esch-taunus.de\/?p=2838\">Kurkomission<\/a><div class=\"wp-block-latest-posts__post-excerpt\">Um die Jahrhundertwende zum 20. Jahrhundert etablierte sich f\u00fcr die B\u00fcrger des heute als Rhein-Main-Gebiet bekannten Raumes der Trend, im Taunus zur Sommerfrische, also so etwas wie einem verl\u00e4ngerten Sommerurlaub, einzukehren. Es entstanden neben den bekannten Gasth\u00e4usern in Esch auch einige Pensionen, wie etwa die Villa Waldeck. Auch einige Attraktionen wurden geschaffen, wie das Kurpf\u00e4dchen\u2026\u00a0<a class=\"wp-block-latest-posts__read-more\" href=\"https:\/\/esch-taunus.de\/?p=2838\" rel=\"noopener noreferrer\"><span class=\"screen-reader-text\">Kurkomission <\/span>weiterlesen<\/a><\/div><\/li>\n<li><a class=\"wp-block-latest-posts__post-title\" href=\"https:\/\/esch-taunus.de\/?p=2657\">Obst- und Gartenbauverein<\/a><div class=\"wp-block-latest-posts__post-excerpt\">Auswei\u00dflich des Telefonbuchs f\u00fcr Waldems von 1977 exisitierte zu diesem Zeitpunkt ein Obst- und Gartenbauverein, dessen Vorsitzender Karl-Heinz Diehl I war. Quellen:<\/div><\/li>\n<li><a class=\"wp-block-latest-posts__post-title\" href=\"https:\/\/esch-taunus.de\/?p=27\">S\u00e4ngervereinigung 1883 Esch e.V.<\/a><div class=\"wp-block-latest-posts__post-excerpt\">Obwohl das offizielle Gr\u00fcndungsdatum der S\u00e4ngervereinigung mit 1883 angegeben wird, existieren Dokumente die belegen, dass der Chor bereits vor dem&nbsp;Deutsch-Franz\u00f6sichen Krieg&nbsp;von 1870\/71 existiert hat und mit dem Dirigenten Direktor Gut an der Siegesfeier am 6. August 1871 teilgenommen hat. Damals hie\u00df der Chor &#8222;Eintracht zu Esch&#8220;. In den Folgejahren war Direktor H\u00f6ngen der Dirigent. 1887\u2026\u00a0<a class=\"wp-block-latest-posts__read-more\" href=\"https:\/\/esch-taunus.de\/?p=27\" rel=\"noopener noreferrer\"><span class=\"screen-reader-text\">S\u00e4ngervereinigung 1883 Esch e.V. <\/span>weiterlesen<\/a><\/div><\/li>\n<li><a class=\"wp-block-latest-posts__post-title\" href=\"https:\/\/esch-taunus.de\/?p=32\">Sportverein 1921 Esch e.V.<\/a><div class=\"wp-block-latest-posts__post-excerpt\">Am 9. September 1921 wurde der Sportverein 1921 Esch im Taunus gegr\u00fcndet. Gr\u00fcndungsmitglieder waren Karl Baum, Willi Ernst, Otto Eschenheimer, Adolf Heilhecker, Emil Jung, Willi Jung, Karl Klapper II., Gustav Papst, Wilhelm Papst, Hermann Ries, Karl Ries, Hermann Saame, Adolf Weber und Willi Weber. Vorsitzender wurde Adolf Heilhecker. Im Jahre 1923 wurde dem Verein vom\u2026\u00a0<a class=\"wp-block-latest-posts__read-more\" href=\"https:\/\/esch-taunus.de\/?p=32\" rel=\"noopener noreferrer\"><span class=\"screen-reader-text\">Sportverein 1921 Esch e.V. <\/span>weiterlesen<\/a><\/div><\/li>\n<li><a class=\"wp-block-latest-posts__post-title\" href=\"https:\/\/esch-taunus.de\/?p=29\">Turnverein Esch 1893 e.V.<\/a><div class=\"wp-block-latest-posts__post-excerpt\">Im Jahr 1893 musste die Gemeinde Esch auf Anordnung des Landratsamtes einen Turnplatz f\u00fcr die Schuljugend errichten. Auf Betreiben des Lehrers Neugebauer wurde dann auf Himmelfahrt 1893 (16. Mai) der Turnverein Esch\u00a0 gegr\u00fcndet. Besonderen Anteil hatten daran hatten auch Wilhelm Saame aus Esch und Wilhelm Leber von der Turngesellschaft Idstein. Neben den beiden und dem\u2026\u00a0<a class=\"wp-block-latest-posts__read-more\" href=\"https:\/\/esch-taunus.de\/?p=29\" rel=\"noopener noreferrer\"><span class=\"screen-reader-text\">Turnverein Esch 1893 e.V. <\/span>weiterlesen<\/a><\/div><\/li>\n<\/ul>","protected":false},"excerpt":{"rendered":"","protected":false},"author":1,"featured_media":0,"parent":0,"menu_order":0,"comment_status":"closed","ping_status":"closed","template":"","meta":{"jetpack_post_was_ever_published":false,"footnotes":""},"class_list":["post-44","page","type-page","status-publish","hentry"],"jetpack_shortlink":"https:\/\/wp.me\/P7PAez-I","jetpack_sharing_enabled":true,"jetpack_likes_enabled":true,"_links":{"self":[{"href":"https:\/\/esch-taunus.de\/index.php?rest_route=\/wp\/v2\/pages\/44","targetHints":{"allow":["GET"]}}],"collection":[{"href":"https:\/\/esch-taunus.de\/index.php?rest_route=\/wp\/v2\/pages"}],"about":[{"href":"https:\/\/esch-taunus.de\/index.php?rest_route=\/wp\/v2\/types\/page"}],"author":[{"embeddable":true,"href":"https:\/\/esch-taunus.de\/index.php?rest_route=\/wp\/v2\/users\/1"}],"replies":[{"embeddable":true,"href":"https:\/\/esch-taunus.de\/index.php?rest_route=%2Fwp%2Fv2%2Fcomments&post=44"}],"version-history":[{"count":2,"href":"https:\/\/esch-taunus.de\/index.php?rest_route=\/wp\/v2\/pages\/44\/revisions"}],"predecessor-version":[{"id":2593,"href":"https:\/\/esch-taunus.de\/index.php?rest_route=\/wp\/v2\/pages\/44\/revisions\/2593"}],"wp:attachment":[{"href":"https:\/\/esch-taunus.de\/index.php?rest_route=%2Fwp%2Fv2%2Fmedia&parent=44"}],"curies":[{"name":"wp","href":"https:\/\/api.w.org\/{rel}","templated":true}]}}