{"id":268,"date":"2016-08-22T13:09:14","date_gmt":"2016-08-22T13:09:14","guid":{"rendered":"http:\/\/esch-taunus.de\/?page_id=268"},"modified":"2019-11-07T15:39:25","modified_gmt":"2019-11-07T14:39:25","slug":"startseite","status":"publish","type":"page","link":"https:\/\/esch-taunus.de\/","title":{"rendered":"Startseite"},"content":{"rendered":"<p><a href=\"https:\/\/esch-taunus.de\/?attachment_id=424\" rel=\"attachment wp-att-424\"><img loading=\"lazy\" decoding=\"async\" class=\"aligncenter wp-image-424 size-full\" src=\"https:\/\/esch-taunus.de\/wp-content\/uploads\/2016\/08\/2016-08-23-18.39.37.jpg\" alt=\"\" width=\"785\" height=\"503\" srcset=\"https:\/\/esch-taunus.de\/wp-content\/uploads\/2016\/08\/2016-08-23-18.39.37.jpg 785w, https:\/\/esch-taunus.de\/wp-content\/uploads\/2016\/08\/2016-08-23-18.39.37-300x192.jpg 300w, https:\/\/esch-taunus.de\/wp-content\/uploads\/2016\/08\/2016-08-23-18.39.37-768x492.jpg 768w, https:\/\/esch-taunus.de\/wp-content\/uploads\/2016\/08\/2016-08-23-18.39.37-624x400.jpg 624w\" sizes=\"auto, (max-width: 785px) 100vw, 785px\" \/><\/a><\/p>\n<p style=\"text-align: justify;\">Hier finden Sie einen kleinen, aber stetig wachsenden Beitrag zur Geschichte meines Heimatortes, Esch im Taunus, heute ein Ortsteil der Gemeinde Waldems.<\/p>\n<p style=\"text-align: justify;\">Ich interessiere mich f\u00fcr die Historie des Ortes und seiner Menschen und habe irgendwann im Zuge eine Schulprojektes Mitte der 1990er Jahre angefangen, alles was alt ist und mit Esch zu tun hat zu sammeln und die entsprechenden Informationen zu sortieren. Im Jahr 2008 hatte ich begonnen, Informationen in Form eines Wikis \u00f6ffentlich zu machen. \u00dcber einige Jahre der Unt\u00e4tigkeit in diesem Bereich ging das Projekt vergessen und wurde 2016 im Rahmen des Aufr\u00e4umens eines Computers wieder entdeckt.<\/p>\n<p style=\"text-align: justify;\">Zur &#8222;wissenschaftlichen Arbeitsweise&#8220; sei folgendes gesagt: Ich versuche, wo es geht, Quellen zu nennen. Zum Einen\u00a0sind das jedoch oft Sekund\u00e4rquellen, das ich die Originale aus Zeitgr\u00fcnden nicht nochmals sichten konnte. Zum Anderen fehlen insbesondere da Quellenangaben, wo Zeitzeugenberichte weiter gegeben werden. Dies versuche ich im Text kenntlich zu machen. Ganz kompliziert wird es da, wo ich Dinge einfach &#8222;wei\u00df&#8220;, weil ich eben schon viele Jahre hier wohne, und nicht mehr sagen kann, woher das dann stammt. Und nat\u00fcrlich ist da auch ganz viel H\u00f6rensagen dabei und nicht alles, was hier steht, ist dementsprechend ausreichend belegt. Korrekturen, auch in Form von Kommentaren unter den Beitr\u00e4gen, sind daher gerne genommen.<\/p>\n<p><a href=\"https:\/\/esch-taunus.de\/?attachment_id=269\" rel=\"attachment wp-att-269\"><img loading=\"lazy\" decoding=\"async\" class=\"size-full wp-image-269 alignleft\" src=\"https:\/\/esch-taunus.de\/wp-content\/uploads\/2016\/08\/Esch.gif\" alt=\"\" width=\"145\" height=\"145\" \/><\/a>Ich lade alle Leser ein, sich an Diskussionen zu den Artikeln zu beteiligen und, wenn sie wollen, Informationen und Geschichten beizusteuern. Das prim\u00e4re Ziel ist es, so viele Informationen wie m\u00f6glich aus dem &#8222;kollektiven Bewusstsein&#8220; zu konservieren, bevor sie irgendwann unrettbar verloren sind.<\/p>\n<p style=\"text-align: justify;\">Gr\u00fc\u00dfe, Matthias Ott<\/p>\n","protected":false},"excerpt":{"rendered":"<p>Hier finden Sie einen kleinen, aber stetig wachsenden Beitrag zur Geschichte meines Heimatortes, Esch im Taunus, heute ein Ortsteil der Gemeinde Waldems. Ich interessiere mich f\u00fcr die Historie des Ortes und seiner Menschen und habe irgendwann im Zuge eine Schulprojektes Mitte der 1990er Jahre angefangen, alles was alt ist und mit Esch zu tun hat [&hellip;]<\/p>\n","protected":false},"author":1,"featured_media":0,"parent":0,"menu_order":0,"comment_status":"closed","ping_status":"closed","template":"page-templates\/front-page.php","meta":{"jetpack_post_was_ever_published":false,"footnotes":""},"class_list":["post-268","page","type-page","status-publish","hentry"],"jetpack_shortlink":"https:\/\/wp.me\/P7PAez-4k","jetpack_sharing_enabled":true,"jetpack_likes_enabled":true,"_links":{"self":[{"href":"https:\/\/esch-taunus.de\/index.php?rest_route=\/wp\/v2\/pages\/268","targetHints":{"allow":["GET"]}}],"collection":[{"href":"https:\/\/esch-taunus.de\/index.php?rest_route=\/wp\/v2\/pages"}],"about":[{"href":"https:\/\/esch-taunus.de\/index.php?rest_route=\/wp\/v2\/types\/page"}],"author":[{"embeddable":true,"href":"https:\/\/esch-taunus.de\/index.php?rest_route=\/wp\/v2\/users\/1"}],"replies":[{"embeddable":true,"href":"https:\/\/esch-taunus.de\/index.php?rest_route=%2Fwp%2Fv2%2Fcomments&post=268"}],"version-history":[{"count":15,"href":"https:\/\/esch-taunus.de\/index.php?rest_route=\/wp\/v2\/pages\/268\/revisions"}],"predecessor-version":[{"id":2432,"href":"https:\/\/esch-taunus.de\/index.php?rest_route=\/wp\/v2\/pages\/268\/revisions\/2432"}],"wp:attachment":[{"href":"https:\/\/esch-taunus.de\/index.php?rest_route=%2Fwp%2Fv2%2Fmedia&parent=268"}],"curies":[{"name":"wp","href":"https:\/\/api.w.org\/{rel}","templated":true}]}}