{"id":2501,"date":"2021-01-05T10:08:09","date_gmt":"2021-01-05T09:08:09","guid":{"rendered":"https:\/\/esch-taunus.de\/?page_id=2501"},"modified":"2021-01-05T12:34:26","modified_gmt":"2021-01-05T11:34:26","slug":"bermbacher-weg","status":"publish","type":"page","link":"https:\/\/esch-taunus.de\/?page_id=2501","title":{"rendered":"Bermbacher Weg"},"content":{"rendered":"\n<p>Bis 2018\/2019 geh\u00f6rte der heutige Bermbacher Weg zur Kirchgasse. Im Zuge der Umsetzung des Bebauungsplanes Turnhallenweg wurde die weitere Bebauung des Areals m\u00f6glich, so dass zus\u00e4tliche Postadressen ben\u00f6tigt wurden. Als erste Bauma\u00dfnahme wurden dann im ehemaligen Garten der Familie Dambeck zwei Doppelh\u00e4user umgesetzt. Gem\u00e4\u00df des Bebauungsplanes sind weitere Baupl\u00e4tze m\u00f6glich und eine Verbindung zum Turnhallenweg soll \u00fcber den Hang in Richtung Schlabach umgesetzt werden.<\/p>\n\n\n\n<figure class=\"wp-block-image size-medium is-resized\"><img loading=\"lazy\" decoding=\"async\" src=\"https:\/\/esch-taunus.de\/wp-content\/uploads\/2019\/11\/Bermbacher-Weg-300x225.jpg\" alt=\"\" class=\"wp-image-2464\" width=\"300\" height=\"225\" srcset=\"https:\/\/esch-taunus.de\/wp-content\/uploads\/2019\/11\/Bermbacher-Weg-300x225.jpg 300w, https:\/\/esch-taunus.de\/wp-content\/uploads\/2019\/11\/Bermbacher-Weg-768x576.jpg 768w, https:\/\/esch-taunus.de\/wp-content\/uploads\/2019\/11\/Bermbacher-Weg-1024x768.jpg 1024w, https:\/\/esch-taunus.de\/wp-content\/uploads\/2019\/11\/Bermbacher-Weg-624x468.jpg 624w\" sizes=\"auto, (max-width: 300px) 100vw, 300px\" \/><figcaption>Neues Stra\u00dfenschild Bermbacher Weg<\/figcaption><\/figure>\n\n\n\n<p>Bei der Namensfindung f\u00fcr den Weg standen u.a. noch Varianten unter einbeziehung des Friedhofes (Am Kirchhof) und der Flurbezeichnung (Im Biergarten) zur Wahl, die aber zugunsten des nun gew\u00e4hlten Namens verworfen wurden.<\/p>\n","protected":false},"excerpt":{"rendered":"<p>Bis 2018\/2019 geh\u00f6rte der heutige Bermbacher Weg zur Kirchgasse. Im Zuge der Umsetzung des Bebauungsplanes Turnhallenweg wurde die weitere Bebauung des Areals m\u00f6glich, so dass zus\u00e4tliche Postadressen ben\u00f6tigt wurden. Als erste Bauma\u00dfnahme wurden dann im ehemaligen Garten der Familie Dambeck zwei Doppelh\u00e4user umgesetzt. Gem\u00e4\u00df des Bebauungsplanes sind weitere Baupl\u00e4tze m\u00f6glich und eine Verbindung zum Turnhallenweg [&hellip;]<\/p>\n","protected":false},"author":1,"featured_media":0,"parent":0,"menu_order":0,"comment_status":"closed","ping_status":"closed","template":"","meta":{"jetpack_post_was_ever_published":false,"footnotes":""},"class_list":["post-2501","page","type-page","status-publish","hentry"],"jetpack_shortlink":"https:\/\/wp.me\/P7PAez-El","jetpack_sharing_enabled":true,"jetpack_likes_enabled":true,"_links":{"self":[{"href":"https:\/\/esch-taunus.de\/index.php?rest_route=\/wp\/v2\/pages\/2501","targetHints":{"allow":["GET"]}}],"collection":[{"href":"https:\/\/esch-taunus.de\/index.php?rest_route=\/wp\/v2\/pages"}],"about":[{"href":"https:\/\/esch-taunus.de\/index.php?rest_route=\/wp\/v2\/types\/page"}],"author":[{"embeddable":true,"href":"https:\/\/esch-taunus.de\/index.php?rest_route=\/wp\/v2\/users\/1"}],"replies":[{"embeddable":true,"href":"https:\/\/esch-taunus.de\/index.php?rest_route=%2Fwp%2Fv2%2Fcomments&post=2501"}],"version-history":[{"count":2,"href":"https:\/\/esch-taunus.de\/index.php?rest_route=\/wp\/v2\/pages\/2501\/revisions"}],"predecessor-version":[{"id":2528,"href":"https:\/\/esch-taunus.de\/index.php?rest_route=\/wp\/v2\/pages\/2501\/revisions\/2528"}],"wp:attachment":[{"href":"https:\/\/esch-taunus.de\/index.php?rest_route=%2Fwp%2Fv2%2Fmedia&parent=2501"}],"curies":[{"name":"wp","href":"https:\/\/api.w.org\/{rel}","templated":true}]}}