{"id":1554,"date":"2016-12-01T15:45:48","date_gmt":"2016-12-01T14:45:48","guid":{"rendered":"http:\/\/esch-taunus.de\/?page_id=1554"},"modified":"2016-12-01T15:45:48","modified_gmt":"2016-12-01T14:45:48","slug":"hofgasse","status":"publish","type":"page","link":"https:\/\/esch-taunus.de\/?page_id=1554","title":{"rendered":"Hofgasse"},"content":{"rendered":"<p style=\"text-align: justify;\">Die Hofgasse zweigt, wie dir Krichgasse, in H\u00f6he des <a href=\"http:\/\/esch-taunus.de\/?p=556\">Rathauses<\/a> von der Schwalbacher Stra\u00dfe ab. Die Hofgasse ist eine Sackgasse und endet am &#8222;Zimmerplatz, der ehemaligen Zimmerei mit S\u00e4gewerk der Familie Leichtfu\u00df.<\/p>\n<p style=\"text-align: justify;\">Die Hofgasse hie\u00df bis zum Zusammenschluss der verschiedenen Ortsteile zur Gemeinde Waldems noch Obergasse, musste dann aber zugunsten der gr\u00f6\u00dferen und l\u00e4ngeren Obergasse in Reichenbach umbenannt werden, da keine zwei gleichnamigen Stra\u00dfen unter einer Postleitzahl existieren sollten. Dennoch wird die Hofgasse bei den Escher heute immer noch hin und wieder &#8222;Ewwergass&#8220; genannt, was auf hochdeutsch eben Obergasse hei\u00dft.<\/p>\n<p style=\"text-align: justify;\">\n<table id=\"tablepress-20\" class=\"tablepress tablepress-id-20\">\n<thead>\n<tr class=\"row-1\">\n\t<th class=\"column-1\">Hausnummer<\/th><th class=\"column-2\">Hausname<\/th><th class=\"column-3\">Nutzung<\/th>\n<\/tr>\n<\/thead>\n<tbody class=\"row-striping row-hover\">\n<tr class=\"row-2\">\n\t<td class=\"column-1\">3<\/td><td class=\"column-2\"><a href=\"https:\/\/esch-taunus.de\/?p=2079\">Rechener<\/a><\/td><td class=\"column-3\">Wohnhaus<\/td>\n<\/tr>\n<tr class=\"row-3\">\n\t<td class=\"column-1\">13<\/td><td class=\"column-2\"><a href=\"http:\/\/esch-taunus.de\/?p=1557\">Schreinerei Kopp<\/a><\/td><td class=\"column-3\">Schreinerei<\/td>\n<\/tr>\n<\/tbody>\n<\/table>\n<!-- #tablepress-20 from cache --><\/p>\n","protected":false},"excerpt":{"rendered":"<p>Die Hofgasse zweigt, wie dir Krichgasse, in H\u00f6he des Rathauses von der Schwalbacher Stra\u00dfe ab. Die Hofgasse ist eine Sackgasse und endet am &#8222;Zimmerplatz, der ehemaligen Zimmerei mit S\u00e4gewerk der Familie Leichtfu\u00df. Die Hofgasse hie\u00df bis zum Zusammenschluss der verschiedenen Ortsteile zur Gemeinde Waldems noch Obergasse, musste dann aber zugunsten der gr\u00f6\u00dferen und l\u00e4ngeren Obergasse [&hellip;]<\/p>\n","protected":false},"author":1,"featured_media":0,"parent":7,"menu_order":0,"comment_status":"closed","ping_status":"closed","template":"","meta":{"jetpack_post_was_ever_published":false,"footnotes":""},"class_list":["post-1554","page","type-page","status-publish","hentry"],"jetpack_shortlink":"https:\/\/wp.me\/P7PAez-p4","jetpack_sharing_enabled":true,"jetpack_likes_enabled":true,"_links":{"self":[{"href":"https:\/\/esch-taunus.de\/index.php?rest_route=\/wp\/v2\/pages\/1554","targetHints":{"allow":["GET"]}}],"collection":[{"href":"https:\/\/esch-taunus.de\/index.php?rest_route=\/wp\/v2\/pages"}],"about":[{"href":"https:\/\/esch-taunus.de\/index.php?rest_route=\/wp\/v2\/types\/page"}],"author":[{"embeddable":true,"href":"https:\/\/esch-taunus.de\/index.php?rest_route=\/wp\/v2\/users\/1"}],"replies":[{"embeddable":true,"href":"https:\/\/esch-taunus.de\/index.php?rest_route=%2Fwp%2Fv2%2Fcomments&post=1554"}],"version-history":[{"count":2,"href":"https:\/\/esch-taunus.de\/index.php?rest_route=\/wp\/v2\/pages\/1554\/revisions"}],"predecessor-version":[{"id":1560,"href":"https:\/\/esch-taunus.de\/index.php?rest_route=\/wp\/v2\/pages\/1554\/revisions\/1560"}],"up":[{"embeddable":true,"href":"https:\/\/esch-taunus.de\/index.php?rest_route=\/wp\/v2\/pages\/7"}],"wp:attachment":[{"href":"https:\/\/esch-taunus.de\/index.php?rest_route=%2Fwp%2Fv2%2Fmedia&parent=1554"}],"curies":[{"name":"wp","href":"https:\/\/api.w.org\/{rel}","templated":true}]}}