{"id":1450,"date":"2016-11-22T08:33:07","date_gmt":"2016-11-22T08:33:07","guid":{"rendered":"http:\/\/esch-taunus.de\/?page_id=1450"},"modified":"2021-01-08T12:06:24","modified_gmt":"2021-01-08T11:06:24","slug":"turnhallenweg","status":"publish","type":"page","link":"https:\/\/esch-taunus.de\/?page_id=1450","title":{"rendered":"Turnhallenweg"},"content":{"rendered":"\n<div class=\"wp-block-image\"><figure class=\"alignleft\"><a href=\"http:\/\/esch-taunus.de\/wp-content\/uploads\/2016\/11\/20161120_104147.jpg\"><img loading=\"lazy\" decoding=\"async\" width=\"300\" height=\"225\" src=\"http:\/\/esch-taunus.de\/wp-content\/uploads\/2016\/11\/20161120_104147-300x225.jpg\" alt=\"Katasterkarte zu Ackerland mit Flurnamen, Kopie von 1904, Original im DGH Esch, Clubraum 2\" class=\"wp-image-1436\" srcset=\"https:\/\/esch-taunus.de\/wp-content\/uploads\/2016\/11\/20161120_104147-300x225.jpg 300w, https:\/\/esch-taunus.de\/wp-content\/uploads\/2016\/11\/20161120_104147-768x576.jpg 768w, https:\/\/esch-taunus.de\/wp-content\/uploads\/2016\/11\/20161120_104147-1024x768.jpg 1024w, https:\/\/esch-taunus.de\/wp-content\/uploads\/2016\/11\/20161120_104147-624x468.jpg 624w\" sizes=\"auto, (max-width: 300px) 100vw, 300px\" \/><\/a><figcaption>Katasterkarte zu Ackerland mit Flurnamen, Kopie von 1904, Original im DGH Esch, Clubraum 2<\/figcaption><\/figure><\/div>\n\n\n\n<p>Der Turnhallenweg verbindet die <a href=\"http:\/\/esch-taunus.de\/?page_id=85\"><span style=\"color: #0066cc;\">Schwalbacher Stra\u00dfe<\/span><\/a> zwischen den Hausnummern 12 und 16 mit der <a href=\"http:\/\/esch-taunus.de\/?page_id=577\"><span style=\"color: #0066cc;\">Eschtalstra\u00dfe<\/span><\/a> in H\u00f6he der Riesenm\u00fchle. Er f\u00fchrt dabei durch die Flur &#8222;In der Kautwiese&#8220;, die vom <a href=\"https:\/\/esch-taunus.de\/?p=137\" data-type=\"post\" data-id=\"137\">Schlabach<\/a> durchflossen wird. Dessen Verlauf \u00e4nderte sich in den letzten beiden Jahrhunderten mehrfach, auch im Zusammenhang mit dem <a href=\"http:\/\/esch-taunus.de\/?p=500\"><span style=\"color: #0066cc;\">Arbeitsgraben,<\/span><\/a> der in diesem Bereich ebenfalls zeitweise pr\u00e4gend war, und ist nun ab dem Ortsanfang weitgehend begradigt.<\/p>\n\n\n\n<p>Der Turnhallenweg hat seinen Namen von der ehemals dort befindlichen Turnhalle des <a href=\"http:\/\/esch-taunus.de\/?p=29\"><span style=\"color: #0066cc;\">Turnverein Esch 1893 e.V.,<\/span><\/a> die inzwischen aber abgerissen wurde. Kurioserweise geh\u00f6rte die Turnhalle aber postalisch zur Schwalbacher Stra\u00dfe und hatte dort die Hausnummer 14. Auch die ersten beiden H\u00e4user nach der Einfahrt von dort aus geh\u00f6ren noch zur Schwalbacher Stra\u00dfe (12 und 12a). Teilweise wird auch der Teil der Eschtalstra\u00dfe, der in H\u00f6he der Bergstra\u00dfe abzweigt, als Turnhalllenweg bezeichnet, und bei einigen Einwohnern hat sich auch der Begriff &#8222;Kindergartenweg&#8220; erhalten, da sich hier auch der Kindergarten befindet.<\/p>\n\n\n\n<p>2016 wurde die Bebauung der Fl\u00e4chen des ehemaligen Kinderspielplatzes und des alten Kindergartens geplant und bis 2020 weitgehend realisiert. es entstanden 6 Einfamilienh\u00e4user mit G\u00e4rten zum Schlabach hin. Im bebauungsplan ebenfalls enthalten ist die Bebauung im&nbsp;<a href=\"https:\/\/esch-taunus.de\/?page_id=2501\">Bermbacher Weg<\/a> sowie die Herstellung einer Fu\u00dfl\u00e4ufigen Verbindung zwischen Turnhallenweg und Bermbacher Weg mittels einer Br\u00fccke, die bereits im&nbsp;<a href=\"https:\/\/esch-taunus.de\/?p=2670\">Dorfentwicklungsplan Waldems-Esch<\/a> von 1987 enthalten war.<\/p>\n\n\n<ul class=\"wp-block-latest-posts__list wp-block-latest-posts\"><li><a class=\"wp-block-latest-posts__post-title\" href=\"https:\/\/esch-taunus.de\/?p=1455\">Kindergarten<\/a><div class=\"wp-block-latest-posts__post-excerpt\">Der wohl erste Escher Kindergarten befand sich nach Erz\u00e4hlungen im Haus Kirchgasse 8. Dieses Haus wird bei einigen Eschern auch noch &#8222;Alter Kindergarten&#8220; genannt. Nach den Erinnerungen von Stefan Moog befand sich die Toilette noch in einem &#8222;H\u00e4uschen&#8220; auf der anderen Seite des Weges zur Kirche. Einen Spielplatz&nbsp;gab es oberhalb des Pfarrhauses. Etwa 1962\/1963&nbsp;wurde in\u2026\u00a0<a class=\"wp-block-latest-posts__read-more\" href=\"https:\/\/esch-taunus.de\/?p=1455\" rel=\"noopener noreferrer\"><span class=\"screen-reader-text\">Kindergarten <\/span>weiterlesen<\/a><\/div><\/li>\n<li><a class=\"wp-block-latest-posts__post-title\" href=\"https:\/\/esch-taunus.de\/?p=1622\">Turnhalle<\/a><div class=\"wp-block-latest-posts__post-excerpt\">1954 konnte die vom Turnverein Esch 1893 e.V. in Eigenleistung erstellte Turnhalle an der Schlabach eingeweiht werden. Sie hatte ein Eternitdach und\u00a0war teilweise unterkellert. Sie wurde ab 1967 u.a. um einen Schankraum 1967 erweitert und ersetzte fortan den Saal im Gasthaus Krone auch f\u00fcr Veranstaltungen im Ort. 1973 wurde das 80j\u00e4hrige Vereinsjubil\u00e4um mit einem Schauturnen\u2026\u00a0<a class=\"wp-block-latest-posts__read-more\" href=\"https:\/\/esch-taunus.de\/?p=1622\" rel=\"noopener noreferrer\"><span class=\"screen-reader-text\">Turnhalle <\/span>weiterlesen<\/a><\/div><\/li>\n<\/ul>\n\n\n<p>Quellen:<\/p>\n\n\n<div id=\"zotpress-124a21f2c61fed726107033b9904b4ba\" class=\"zp-Zotpress zp-Zotpress-Bib wp-block-group\">\n\n\t\t<span class=\"ZP_API_USER_ID ZP_ATTR\">3307718<\/span>\n\t\t<span class=\"ZP_ITEM_KEY ZP_ATTR\">{3307718:VQSVQFRI},{3307718:IKNEV8MT},{3307718:9V8UWSCJ}<\/span>\n\t\t<span class=\"ZP_COLLECTION_ID ZP_ATTR\"><\/span>\n\t\t<span class=\"ZP_TAG_ID ZP_ATTR\"><\/span>\n\t\t<span class=\"ZP_AUTHOR ZP_ATTR\"><\/span>\n\t\t<span class=\"ZP_YEAR ZP_ATTR\"><\/span>\n        <span class=\"ZP_ITEMTYPE ZP_ATTR\"><\/span>\n\t\t<span class=\"ZP_INCLUSIVE ZP_ATTR\">1<\/span>\n\t\t<span class=\"ZP_STYLE ZP_ATTR\">harvard1<\/span>\n\t\t<span class=\"ZP_LIMIT ZP_ATTR\">50<\/span>\n\t\t<span class=\"ZP_SORTBY ZP_ATTR\">default<\/span>\n\t\t<span class=\"ZP_ORDER ZP_ATTR\"><\/span>\n\t\t<span class=\"ZP_TITLE ZP_ATTR\"><\/span>\n\t\t<span class=\"ZP_SHOWIMAGE ZP_ATTR\"><\/span>\n\t\t<span class=\"ZP_SHOWTAGS ZP_ATTR\"><\/span>\n\t\t<span class=\"ZP_DOWNLOADABLE ZP_ATTR\"><\/span>\n\t\t<span class=\"ZP_NOTES ZP_ATTR\"><\/span>\n\t\t<span class=\"ZP_ABSTRACT ZP_ATTR\"><\/span>\n\t\t<span class=\"ZP_CITEABLE ZP_ATTR\"><\/span>\n\t\t<span class=\"ZP_TARGET ZP_ATTR\"><\/span>\n\t\t<span class=\"ZP_URLWRAP ZP_ATTR\"><\/span>\n\t\t<span class=\"ZP_FORCENUM ZP_ATTR\"><\/span>\n        <span class=\"ZP_HIGHLIGHT ZP_ATTR\"><\/span>\n        <span class=\"ZP_POSTID ZP_ATTR\">1450<\/span>\n\t\t<span class=\"ZOTPRESS_PLUGIN_URL ZP_ATTR\">https:\/\/esch-taunus.de\/wp-content\/plugins\/zotpress\/<\/span>\n\n\t\t<div class=\"zp-List loading\">\n\t\t\t<div class=\"zp-SEO-Content\">\n\t\t\t\t<span class=\"ZP_JSON ZP_ATTR\">%7B%22status%22%3A%22success%22%2C%22updateneeded%22%3Afalse%2C%22instance%22%3Afalse%2C%22meta%22%3A%7B%22request_last%22%3A0%2C%22request_next%22%3A0%2C%22used_cache%22%3Atrue%7D%2C%22data%22%3A%5B%7B%22key%22%3A%229V8UWSCJ%22%2C%22library%22%3A%7B%22id%22%3A3307718%7D%2C%22meta%22%3A%7B%22creatorSummary%22%3A%22Architektur%20%2B%20Planung%20v.%20Freischlad%20B.%20Holz%22%2C%22parsedDate%22%3A%221987%22%2C%22numChildren%22%3A0%7D%2C%22bib%22%3A%22%26lt%3Bdiv%20class%3D%26quot%3Bcsl-bib-body%26quot%3B%20style%3D%26quot%3Bline-height%3A%201.35%3B%20%26quot%3B%26gt%3B%5Cn%20%20%26lt%3Bdiv%20class%3D%26quot%3Bcsl-entry%26quot%3B%26gt%3BArchitektur%20%2B%20Planung%20v.%20Freischlad%20B.%20Holz%20%281987%29%20%26%23x2018%3BDorfentwicklungsplan%20Waldems-Esch%26%23x2019%3B.%20Edited%20by%20Gemeinde%20Waldems.%26lt%3B%5C%2Fdiv%26gt%3B%5Cn%26lt%3B%5C%2Fdiv%26gt%3B%22%2C%22data%22%3A%7B%22itemType%22%3A%22document%22%2C%22title%22%3A%22Dorfentwicklungsplan%20Waldems-Esch%22%2C%22creators%22%3A%5B%7B%22creatorType%22%3A%22author%22%2C%22name%22%3A%22Architektur%20%2B%20Planung%20v.%20Freischlad%20B.%20Holz%22%7D%2C%7B%22creatorType%22%3A%22editor%22%2C%22firstName%22%3A%22%22%2C%22lastName%22%3A%22Gemeinde%20Waldems%22%7D%5D%2C%22abstractNote%22%3A%22%22%2C%22date%22%3A%221987%22%2C%22language%22%3A%22%22%2C%22url%22%3A%22%22%2C%22collections%22%3A%5B%22IXMPLUH4%22%5D%2C%22dateModified%22%3A%222021-01-08T10%3A18%3A32Z%22%7D%7D%2C%7B%22key%22%3A%22VQSVQFRI%22%2C%22library%22%3A%7B%22id%22%3A3307718%7D%2C%22meta%22%3A%7B%22creatorSummary%22%3A%22Horrer%22%2C%22parsedDate%22%3A%222016-04-24%22%2C%22numChildren%22%3A0%7D%2C%22bib%22%3A%22%26lt%3Bdiv%20class%3D%26quot%3Bcsl-bib-body%26quot%3B%20style%3D%26quot%3Bline-height%3A%201.35%3B%20%26quot%3B%26gt%3B%5Cn%20%20%26lt%3Bdiv%20class%3D%26quot%3Bcsl-entry%26quot%3B%26gt%3BHorrer%2C%20R.%20%282016%29%20%26%23x2018%3BBEBAUUNGSPLANENTWURF%20%26%23x201C%3BTURNHALLENWEG%26%23x201D%3B%20DER%20GEMEINDE%20WALDEMS%26%23x2019%3B.%26lt%3B%5C%2Fdiv%26gt%3B%5Cn%26lt%3B%5C%2Fdiv%26gt%3B%22%2C%22data%22%3A%7B%22itemType%22%3A%22manuscript%22%2C%22title%22%3A%22BEBAUUNGSPLANENTWURF%20%5C%22TURNHALLENWEG%5C%22%20DER%20GEMEINDE%20WALDEMS%22%2C%22creators%22%3A%5B%7B%22creatorType%22%3A%22author%22%2C%22firstName%22%3A%22Reiner%22%2C%22lastName%22%3A%22Horrer%22%7D%5D%2C%22abstractNote%22%3A%22%22%2C%22manuscriptType%22%3A%22%22%2C%22date%22%3A%2224.04.2016%22%2C%22language%22%3A%22%22%2C%22url%22%3A%22%22%2C%22collections%22%3A%5B%22IXMPLUH4%22%5D%2C%22dateModified%22%3A%222016-09-05T09%3A26%3A46Z%22%7D%7D%2C%7B%22key%22%3A%22IKNEV8MT%22%2C%22library%22%3A%7B%22id%22%3A3307718%7D%2C%22meta%22%3A%7B%22creatorSummary%22%3A%22Hessisches%20Landesamt%20f%5Cu00fcr%20Bodenmanagement%20und%20Geoinformation%22%2C%22numChildren%22%3A0%7D%2C%22bib%22%3A%22%26lt%3Bdiv%20class%3D%26quot%3Bcsl-bib-body%26quot%3B%20style%3D%26quot%3Bline-height%3A%201.35%3B%20%26quot%3B%26gt%3B%5Cn%20%20%26lt%3Bdiv%20class%3D%26quot%3Bcsl-entry%26quot%3B%26gt%3BHessisches%20Landesamt%20f%26%23xFC%3Br%20Bodenmanagement%20und%20Geoinformation%20%28no%20date%29%20%26lt%3Bi%26gt%3BGeoportal%20Hessen%26lt%3B%5C%2Fi%26gt%3B.%20Available%20at%3A%20%26lt%3Ba%20class%3D%26%23039%3Bzp-ItemURL%26%23039%3B%20href%3D%26%23039%3Bhttp%3A%5C%2F%5C%2Fwww.geoportal.hessen.de%5C%2F%26%23039%3B%26gt%3Bhttp%3A%5C%2F%5C%2Fwww.geoportal.hessen.de%5C%2F%26lt%3B%5C%2Fa%26gt%3B.%26lt%3B%5C%2Fdiv%26gt%3B%5Cn%26lt%3B%5C%2Fdiv%26gt%3B%22%2C%22data%22%3A%7B%22itemType%22%3A%22webpage%22%2C%22title%22%3A%22Geoportal%20Hessen%22%2C%22creators%22%3A%5B%7B%22creatorType%22%3A%22author%22%2C%22name%22%3A%22Hessisches%20Landesamt%20f%5Cu00fcr%20Bodenmanagement%20und%20Geoinformation%22%7D%5D%2C%22abstractNote%22%3A%22%22%2C%22date%22%3A%22%22%2C%22url%22%3A%22http%3A%5C%2F%5C%2Fwww.geoportal.hessen.de%5C%2F%22%2C%22language%22%3A%22%22%2C%22collections%22%3A%5B%5D%2C%22dateModified%22%3A%222016-09-01T09%3A36%3A31Z%22%7D%7D%5D%7D<\/span>\n\n\t\t\t\t<div id=\"zp-ID-1450-3307718-9V8UWSCJ\" data-zp-author-date='Architektur-+-Planung-v.-Freischlad-B.-Holz-1987' data-zp-date-author='1987-Architektur-+-Planung-v.-Freischlad-B.-Holz' data-zp-date='1987' data-zp-year='1987' data-zp-itemtype='document' class=\"zp-Entry zpSearchResultsItem\">\n<div class=\"csl-bib-body\" style=\"line-height: 1.35; \">\n  <div class=\"csl-entry\">Architektur + Planung v. Freischlad B. Holz (1987) \u2018Dorfentwicklungsplan Waldems-Esch\u2019. Edited by Gemeinde Waldems.<\/div>\n<\/div>\n\t\t\t\t<\/div><!-- .zp-Entry .zpSearchResultsItem -->\t\t\t\t<div id=\"zp-ID-1450-3307718-VQSVQFRI\" data-zp-author-date='Horrer-2016-04-24' data-zp-date-author='2016-04-24-Horrer' data-zp-date='2016-04-24' data-zp-year='2016' data-zp-itemtype='manuscript' class=\"zp-Entry zpSearchResultsItem\">\n<div class=\"csl-bib-body\" style=\"line-height: 1.35; \">\n  <div class=\"csl-entry\">Horrer, R. (2016) \u2018BEBAUUNGSPLANENTWURF \u201cTURNHALLENWEG\u201d DER GEMEINDE WALDEMS\u2019.<\/div>\n<\/div>\n\t\t\t\t<\/div><!-- .zp-Entry .zpSearchResultsItem -->\t\t\t\t<div id=\"zp-ID-1450-3307718-IKNEV8MT\" data-zp-author-date='Hessisches-Landesamt-f\u00fcr-Bodenmanagement-und-Geoinformation-0000-00-00' data-zp-date-author='0000-00-00-Hessisches-Landesamt-f\u00fcr-Bodenmanagement-und-Geoinformation' data-zp-date='0000-00-00' data-zp-year='0000' data-zp-itemtype='webpage' class=\"zp-Entry zpSearchResultsItem\">\n<div class=\"csl-bib-body\" style=\"line-height: 1.35; \">\n  <div class=\"csl-entry\">Hessisches Landesamt f\u00fcr Bodenmanagement und Geoinformation (no date) <i>Geoportal Hessen<\/i>. Available at: <a class='zp-ItemURL' href='http:\/\/www.geoportal.hessen.de\/'>http:\/\/www.geoportal.hessen.de\/<\/a>.<\/div>\n<\/div>\n\t\t\t\t<\/div><!-- .zp-Entry .zpSearchResultsItem -->\n\t\t\t<\/div><!-- .zp-zp-SEO-Content -->\n\t\t<\/div><!-- .zp-List -->\n\t<\/div><!--.zp-Zotpress-->\n\n\n","protected":false},"excerpt":{"rendered":"<p>Der Turnhallenweg verbindet die Schwalbacher Stra\u00dfe zwischen den Hausnummern 12 und 16 mit der Eschtalstra\u00dfe in H\u00f6he der Riesenm\u00fchle. Er f\u00fchrt dabei durch die Flur &#8222;In der Kautwiese&#8220;, die vom Schlabach durchflossen wird. Dessen Verlauf \u00e4nderte sich in den letzten beiden Jahrhunderten mehrfach, auch im Zusammenhang mit dem Arbeitsgraben, der in diesem Bereich ebenfalls zeitweise [&hellip;]<\/p>\n","protected":false},"author":1,"featured_media":0,"parent":7,"menu_order":0,"comment_status":"closed","ping_status":"closed","template":"","meta":{"jetpack_post_was_ever_published":false,"footnotes":""},"class_list":["post-1450","page","type-page","status-publish","hentry"],"jetpack_shortlink":"https:\/\/wp.me\/P7PAez-no","jetpack_sharing_enabled":true,"jetpack_likes_enabled":true,"_links":{"self":[{"href":"https:\/\/esch-taunus.de\/index.php?rest_route=\/wp\/v2\/pages\/1450","targetHints":{"allow":["GET"]}}],"collection":[{"href":"https:\/\/esch-taunus.de\/index.php?rest_route=\/wp\/v2\/pages"}],"about":[{"href":"https:\/\/esch-taunus.de\/index.php?rest_route=\/wp\/v2\/types\/page"}],"author":[{"embeddable":true,"href":"https:\/\/esch-taunus.de\/index.php?rest_route=\/wp\/v2\/users\/1"}],"replies":[{"embeddable":true,"href":"https:\/\/esch-taunus.de\/index.php?rest_route=%2Fwp%2Fv2%2Fcomments&post=1450"}],"version-history":[{"count":3,"href":"https:\/\/esch-taunus.de\/index.php?rest_route=\/wp\/v2\/pages\/1450\/revisions"}],"predecessor-version":[{"id":2679,"href":"https:\/\/esch-taunus.de\/index.php?rest_route=\/wp\/v2\/pages\/1450\/revisions\/2679"}],"up":[{"embeddable":true,"href":"https:\/\/esch-taunus.de\/index.php?rest_route=\/wp\/v2\/pages\/7"}],"wp:attachment":[{"href":"https:\/\/esch-taunus.de\/index.php?rest_route=%2Fwp%2Fv2%2Fmedia&parent=1450"}],"curies":[{"name":"wp","href":"https:\/\/api.w.org\/{rel}","templated":true}]}}