{"id":120,"date":"2016-08-22T07:34:17","date_gmt":"2016-08-22T07:34:17","guid":{"rendered":"http:\/\/esch-taunus.de\/?page_id=120"},"modified":"2016-08-22T07:34:17","modified_gmt":"2016-08-22T07:34:17","slug":"geschichte","status":"publish","type":"page","link":"https:\/\/esch-taunus.de\/?page_id=120","title":{"rendered":"Geschichte"},"content":{"rendered":"\n<table id=\"tablepress-10\" class=\"tablepress tablepress-id-10\">\n<thead>\n<tr class=\"row-1\">\n\t<th class=\"column-1\">Jahr<\/th><th class=\"column-2\">Ereignis<\/th>\n<\/tr>\n<\/thead>\n<tbody class=\"row-striping row-hover\">\n<tr class=\"row-2\">\n\t<td class=\"column-1\">2020<\/td><td class=\"column-2\"><a href=\"https:\/\/esch-taunus.de\/?p=2734\">Corona-Pandemie<\/a><\/td>\n<\/tr>\n<tr class=\"row-3\">\n\t<td class=\"column-1\">1997<\/td><td class=\"column-2\"><a href=\"http:\/\/esch-taunus.de\/?p=595\">Das Dorfgemeinschaftshaus wird er\u00f6ffnet<\/a><\/td>\n<\/tr>\n<tr class=\"row-4\">\n\t<td class=\"column-1\">1992<\/td><td class=\"column-2\"><a href=\"http:\/\/esch-taunus.de\/?p=77\">Einweihung des Kirchenzentrums St. Thomas<\/a><\/td>\n<\/tr>\n<tr class=\"row-5\">\n\t<td class=\"column-1\">1990<\/td><td class=\"column-2\"><a href=\"https:\/\/esch-taunus.de\/?p=2494\" rel=\"noopener\" target=\"_blank\">Sturmkatastrophe 1990<\/a><\/td>\n<\/tr>\n<tr class=\"row-6\">\n\t<td class=\"column-1\">1987<\/td><td class=\"column-2\">Aufstellung des <a href=\"https:\/\/esch-taunus.de\/?p=2670\">Dorfentwicklungsplan Waldems-Esch<\/a><\/td>\n<\/tr>\n<tr class=\"row-7\">\n\t<td class=\"column-1\">1978<\/td><td class=\"column-2\"><a href=\"http:\/\/esch-taunus.de\/?p=77\">Gr\u00fcndung der katholischen Kirchengemeinde Esch<\/a><\/td>\n<\/tr>\n<tr class=\"row-8\">\n\t<td class=\"column-1\">1977<\/td><td class=\"column-2\"><a href=\"http:\/\/esch-taunus.de\/?p=517\">Esch kommt in den Rheingau-Taunus-Kreis<\/a><\/td>\n<\/tr>\n<tr class=\"row-9\">\n\t<td class=\"column-1\">1976<\/td><td class=\"column-2\"><a href=\"http:\/\/esch-taunus.de\/?p=38\">Gr\u00fcndung des Altenclub<\/a><\/td>\n<\/tr>\n<tr class=\"row-10\">\n\t<td class=\"column-1\">1972<\/td><td class=\"column-2\"><a href=\"http:\/\/esch-taunus.de\/?p=100\">Gr\u00fcndung der Gemeinde Waldems<\/a><\/td>\n<\/tr>\n<tr class=\"row-11\">\n\t<td class=\"column-1\">1970<\/td><td class=\"column-2\"><a href=\"http:\/\/esch-taunus.de\/?p=556\">Die Escher Volksschule wird geschlossen<\/a><\/td>\n<\/tr>\n<tr class=\"row-12\">\n\t<td class=\"column-1\">1969<\/td><td class=\"column-2\"><a href=\"http:\/\/esch-taunus.de\/?p=1685\">Eine Geld\u00fcbergabe bei einer Kindesentf\u00fchrung scheitert<\/a><\/td>\n<\/tr>\n<tr class=\"row-13\">\n\t<td class=\"column-1\">1967<\/td><td class=\"column-2\">Der <a href=\"https:\/\/esch-taunus.de\/?p=2655\">Frauenchor Esch<\/a> wird gegr\u00fcndet<\/td>\n<\/tr>\n<tr class=\"row-14\">\n\t<td class=\"column-1\">1950<\/td><td class=\"column-2\"><a href=\"http:\/\/esch-taunus.de\/?p=1272\">Kalter Krieg<\/a><\/td>\n<\/tr>\n<tr class=\"row-15\">\n\t<td class=\"column-1\">1945<\/td><td class=\"column-2\"><a href=\"http:\/\/esch-taunus.de\/?p=517\">Das Bundesland Hessen entsteht<\/a><\/td>\n<\/tr>\n<tr class=\"row-16\">\n\t<td class=\"column-1\">1939<\/td><td class=\"column-2\"><a href=\"http:\/\/esch-taunus.de\/?p=102\">2. Weltkrieg<\/a><\/td>\n<\/tr>\n<tr class=\"row-17\">\n\t<td class=\"column-1\">1934<\/td><td class=\"column-2\"><a href=\"http:\/\/esch-taunus.de\/?p=36\">Gr\u00fcndung der Freiwilligen Feuerwehr<\/a><\/td>\n<\/tr>\n<tr class=\"row-18\">\n\t<td class=\"column-1\">1921<\/td><td class=\"column-2\"><a href=\"http:\/\/esch-taunus.de\/?p=32\">Gr\u00fcndung des Sportvereins<\/a><\/td>\n<\/tr>\n<tr class=\"row-19\">\n\t<td class=\"column-1\">1921<\/td><td class=\"column-2\"><a href=\"http:\/\/esch-taunus.de\/?p=27\">Gr\u00fcndung des Gesangsvereins S\u00e4ngergru\u00df<\/a><\/td>\n<\/tr>\n<tr class=\"row-20\">\n\t<td class=\"column-1\">1914<\/td><td class=\"column-2\"><a href=\"http:\/\/esch-taunus.de\/?p=104\">1. Weltkrieg<\/a><\/td>\n<\/tr>\n<tr class=\"row-21\">\n\t<td class=\"column-1\">1904<\/td><td class=\"column-2\"><a href=\"http:\/\/esch-taunus.de\/?p=1050\">Eines der ersten Autorennen in Deutschland f\u00fcrht durch Esch<\/a><\/td>\n<\/tr>\n<tr class=\"row-22\">\n\t<td class=\"column-1\">1893<\/td><td class=\"column-2\"><a href=\"http:\/\/esch-taunus.de\/?p=29\">Gr\u00fcndung des Turnvereins<\/a><\/td>\n<\/tr>\n<tr class=\"row-23\">\n\t<td class=\"column-1\">1883<\/td><td class=\"column-2\"><a href=\"http:\/\/esch-taunus.de\/?p=27\">Gr\u00fcndung des Gesangsvereins Eintracht Esch<\/a><\/td>\n<\/tr>\n<tr class=\"row-24\">\n\t<td class=\"column-1\">1870<\/td><td class=\"column-2\"><a href=\"http:\/\/esch-taunus.de\/?p=15\">Deutsch-Franz\u00f6sischer Krieg<\/a><\/td>\n<\/tr>\n<tr class=\"row-25\">\n\t<td class=\"column-1\">1866<\/td><td class=\"column-2\"><a href=\"https:\/\/esch-taunus.de\/?p=1964\">Deutscher Krieg<\/a><\/td>\n<\/tr>\n<tr class=\"row-26\">\n\t<td class=\"column-1\">1848<\/td><td class=\"column-2\"><a href=\"http:\/\/esch-taunus.de\/?p=474\">Deutsche Revolution<\/a><\/td>\n<\/tr>\n<tr class=\"row-27\">\n\t<td class=\"column-1\">1806<\/td><td class=\"column-2\"><a href=\"http:\/\/esch-taunus.de\/?p=517\">Esch wird Teil des Herzogtums Nassau<\/a><\/td>\n<\/tr>\n<tr class=\"row-28\">\n\t<td class=\"column-1\">1796<\/td><td class=\"column-2\"><a href=\"http:\/\/esch-taunus.de\/?p=111\">Revolutionskriege<\/a><\/td>\n<\/tr>\n<tr class=\"row-29\">\n\t<td class=\"column-1\">1786<\/td><td class=\"column-2\"><a href=\"http:\/\/esch-taunus.de\/?p=346\">Die heutige evangelische Kirche wird gebaut<\/a><\/td>\n<\/tr>\n<tr class=\"row-30\">\n\t<td class=\"column-1\">1728<\/td><td class=\"column-2\"><a href=\"http:\/\/esch-taunus.de\/?p=517\">Esch kommt mit dem Amt Idstein zu Nassau-Usingen<\/a><\/td>\n<\/tr>\n<tr class=\"row-31\">\n\t<td class=\"column-1\">1722<\/td><td class=\"column-2\">Der Seelenberger Markt wird nach Esch verlagert<\/td>\n<\/tr>\n<tr class=\"row-32\">\n\t<td class=\"column-1\">1630<\/td><td class=\"column-2\"><a href=\"http:\/\/esch-taunus.de\/?p=113\">Drei\u00dfigj\u00e4hriger Krieg<\/a><\/td>\n<\/tr>\n<tr class=\"row-33\">\n\t<td class=\"column-1\">1602<\/td><td class=\"column-2\"><a href=\"http:\/\/esch-taunus.de\/?p=115\">Hexenprozesse<\/a><\/td>\n<\/tr>\n<tr class=\"row-34\">\n\t<td class=\"column-1\">1357<\/td><td class=\"column-2\"><a href=\"http:\/\/esch-taunus.de\/?p=517\">Esch geh\u00f6rt zu Nassau-Idstein<\/a><\/td>\n<\/tr>\n<tr class=\"row-35\">\n\t<td class=\"column-1\">1300<\/td><td class=\"column-2\"><a href=\"http:\/\/esch-taunus.de\/?p=517\">Erste urkundliche Erw\u00e4hnung<\/a><\/td>\n<\/tr>\n<\/tbody>\n<\/table>\n<!-- #tablepress-10 from cache -->\n","protected":false},"excerpt":{"rendered":"","protected":false},"author":1,"featured_media":0,"parent":0,"menu_order":0,"comment_status":"closed","ping_status":"closed","template":"","meta":{"jetpack_post_was_ever_published":false,"footnotes":""},"class_list":["post-120","page","type-page","status-publish","hentry"],"jetpack_shortlink":"https:\/\/wp.me\/P7PAez-1W","jetpack_sharing_enabled":true,"jetpack_likes_enabled":true,"_links":{"self":[{"href":"https:\/\/esch-taunus.de\/index.php?rest_route=\/wp\/v2\/pages\/120","targetHints":{"allow":["GET"]}}],"collection":[{"href":"https:\/\/esch-taunus.de\/index.php?rest_route=\/wp\/v2\/pages"}],"about":[{"href":"https:\/\/esch-taunus.de\/index.php?rest_route=\/wp\/v2\/types\/page"}],"author":[{"embeddable":true,"href":"https:\/\/esch-taunus.de\/index.php?rest_route=\/wp\/v2\/users\/1"}],"replies":[{"embeddable":true,"href":"https:\/\/esch-taunus.de\/index.php?rest_route=%2Fwp%2Fv2%2Fcomments&post=120"}],"version-history":[{"count":1,"href":"https:\/\/esch-taunus.de\/index.php?rest_route=\/wp\/v2\/pages\/120\/revisions"}],"predecessor-version":[{"id":122,"href":"https:\/\/esch-taunus.de\/index.php?rest_route=\/wp\/v2\/pages\/120\/revisions\/122"}],"wp:attachment":[{"href":"https:\/\/esch-taunus.de\/index.php?rest_route=%2Fwp%2Fv2%2Fmedia&parent=120"}],"curies":[{"name":"wp","href":"https:\/\/api.w.org\/{rel}","templated":true}]}}